{"id":1417,"date":"2018-05-04T14:57:23","date_gmt":"2018-05-04T19:57:23","guid":{"rendered":"https:\/\/www.zesteincentive.com\/dmc\/"},"modified":"2024-03-27T14:34:32","modified_gmt":"2024-03-27T19:34:32","slug":"receptif","status":"publish","type":"page","link":"https:\/\/www.zesteincentive.com\/fr\/receptif\/","title":{"rendered":"R\u00e9ceptif"},"content":{"rendered":"[mk_page_section bg_color=\u00a0\u00bb#222222&Prime; bg_position=\u00a0\u00bbcenter bottom\u00a0\u00bb bg_video=\u00a0\u00bbyes\u00a0\u00bb mp4=\u00a0\u00bbhttps:\/\/www.zesteincentive.com\/wp-content\/uploads\/2018\/07\/garewindsor.mp4&Prime; video_color_mask=\u00a0\u00bb#000000&Prime; video_opacity=\u00a0\u00bb0.2&Prime; min_height=\u00a0\u00bb500&Prime; padding_top=\u00a0\u00bb200&Prime; padding_bottom=\u00a0\u00bb200&Prime; sidebar=\u00a0\u00bbsidebar-1&Prime;][vc_column width=\u00a0\u00bb1\/6&Prime;][\/vc_column][vc_column width=\u00a0\u00bb2\/3&Prime;][mk_padding_divider][mk_padding_divider size=\u00a0\u00bb80&Prime; visibility=\u00a0\u00bbhidden-sm\u00a0\u00bb][mk_fancy_title tag_name=\u00a0\u00bbh1&Prime; color=\u00a0\u00bb#ffffff\u00a0\u00bb size=\u00a0\u00bb50&Prime; force_font_size=\u00a0\u00bbtrue\u00a0\u00bb size_phone=\u00a0\u00bb25&Prime; font_weight=\u00a0\u00bb500&Prime; txt_transform=\u00a0\u00bbuppercase\u00a0\u00bb font_family=\u00a0\u00bbnone\u00a0\u00bb align=\u00a0\u00bbcenter\u00a0\u00bb el_class=\u00a0\u00bbno-margin no-padding\u00a0\u00bb]R\u00c9CEPTIF[\/mk_fancy_title][\/vc_column][vc_column width=\u00a0\u00bb1\/6&Prime;][\/vc_column][\/mk_page_section][vc_row][vc_column][mk_fancy_title color=\u00a0\u00bb#d3334b\u00a0\u00bb size=\u00a0\u00bb22&Prime; font_weight=\u00a0\u00bbbold\u00a0\u00bb txt_transform=\u00a0\u00bbuppercase\u00a0\u00bb letter_spacing=\u00a0\u00bb1&Prime; margin_top=\u00a0\u00bb65&Prime; margin_bottom=\u00a0\u00bb35&Prime; font_family=\u00a0\u00bbJosefin+Sans\u00a0\u00bb font_type=\u00a0\u00bbgoogle\u00a0\u00bb align=\u00a0\u00bbcenter\u00a0\u00bb]NOTRE MISSION[\/mk_fancy_title][vc_column_text align=\u00a0\u00bbcenter\u00a0\u00bb css=\u00a0\u00bb.vc_custom_1535523989853{margin-bottom: 0px !important;}\u00a0\u00bb]Proposer et mettre en oeuvre des programmes cr\u00e9atifs, novateurs et imaginatifs respectant tout type de budget, dans les d\u00e9lais requis. En plus, de mettre \u00e0 votre disposition une \u00e9quipe talentueuse qui a le d\u00e9sir d&rsquo;offrir sans cesse un r\u00e9sultat impeccable, d\u00e9passant vos attentes et \u00e0 la fine pointe des nouveaut\u00e9s. Voil\u00e0 ce que vous promet Zeste.[\/vc_column_text][\/vc_column][\/vc_row][vc_row css=\u00a0\u00bb.vc_custom_1533697126764{margin-bottom: 75px !important;}\u00a0\u00bb][vc_column][mk_fancy_title color=\u00a0\u00bb#d3334b\u00a0\u00bb size=\u00a0\u00bb22&Prime; font_weight=\u00a0\u00bbbold\u00a0\u00bb txt_transform=\u00a0\u00bbuppercase\u00a0\u00bb letter_spacing=\u00a0\u00bb1&Prime; margin_top=\u00a0\u00bb65&Prime; margin_bottom=\u00a0\u00bb30&Prime; font_family=\u00a0\u00bbJosefin+Sans\u00a0\u00bb font_type=\u00a0\u00bbgoogle\u00a0\u00bb align=\u00a0\u00bbcenter\u00a0\u00bb]NOS SERVICES[\/mk_fancy_title][vc_row_inner][vc_column_inner el_class=\u00a0\u00bbpastilles2&Prime; width=\u00a0\u00bb1\/3&Prime;][mk_image src=\u00a0\u00bbhttps:\/\/www.zesteincentive.com\/wp-content\/uploads\/2024\/03\/13.png\u00a0\u00bb image_size=\u00a0\u00bbfull\u00a0\u00bb align=\u00a0\u00bbcenter\u00a0\u00bb][vc_column_text align=\u00a0\u00bbcenter\u00a0\u00bb css=\u00a0\u00bb.vc_custom_1535524020688{margin-bottom: 0px !important;}\u00a0\u00bb]S\u00e9lection d\u2019h\u00f4tels &amp;<br \/>\nn\u00e9gociations de contrats[\/vc_column_text][vc_separator color=\u00a0\u00bbcustom\u00a0\u00bb border_width=\u00a0\u00bb10&Prime; el_width=\u00a0\u00bb40&Prime; accent_color=\u00a0\u00bb#eaebed\u00a0\u00bb][mk_padding_divider visibility=\u00a0\u00bbvisible-nb\u00a0\u00bb][\/vc_column_inner][vc_column_inner el_class=\u00a0\u00bbpastilles2&Prime; width=\u00a0\u00bb1\/3&Prime;][mk_image src=\u00a0\u00bbhttps:\/\/www.zesteincentive.com\/wp-content\/uploads\/2024\/03\/15.png\u00a0\u00bb image_size=\u00a0\u00bbfull\u00a0\u00bb align=\u00a0\u00bbcenter\u00a0\u00bb][vc_column_text align=\u00a0\u00bbcenter\u00a0\u00bb css=\u00a0\u00bb.vc_custom_1536246442840{margin-bottom: 0px !important;}\u00a0\u00bb]S\u00e9lection et n\u00e9gociations<br \/>\ndes lieux d\u2019\u00e9v\u00e9nement[\/vc_column_text][vc_separator color=\u00a0\u00bbcustom\u00a0\u00bb border_width=\u00a0\u00bb10&Prime; el_width=\u00a0\u00bb40&Prime; accent_color=\u00a0\u00bb#eaebed\u00a0\u00bb][mk_padding_divider visibility=\u00a0\u00bbvisible-nb\u00a0\u00bb][\/vc_column_inner][vc_column_inner el_class=\u00a0\u00bbpastilles2&Prime; width=\u00a0\u00bb1\/3&Prime;][mk_image src=\u00a0\u00bbhttps:\/\/www.zesteincentive.com\/wp-content\/uploads\/2024\/03\/16.png\u00a0\u00bb image_size=\u00a0\u00bbfull\u00a0\u00bb align=\u00a0\u00bbcenter\u00a0\u00bb][vc_column_text align=\u00a0\u00bbcenter\u00a0\u00bb css=\u00a0\u00bb.vc_custom_1535524049325{margin-bottom: 0px !important;}\u00a0\u00bb]\u00c9v\u00e9nements hors site<br \/>\net services de traiteur[\/vc_column_text][vc_separator color=\u00a0\u00bbcustom\u00a0\u00bb border_width=\u00a0\u00bb10&Prime; el_width=\u00a0\u00bb40&Prime; accent_color=\u00a0\u00bb#eaebed\u00a0\u00bb][\/vc_column_inner][\/vc_row_inner][vc_row_inner css=\u00a0\u00bb.vc_custom_1533662357774{margin-top: 50px !important;}\u00a0\u00bb][vc_column_inner el_class=\u00a0\u00bbpastilles2&Prime; width=\u00a0\u00bb1\/3&Prime;][mk_image src=\u00a0\u00bbhttps:\/\/www.zesteincentive.com\/wp-content\/uploads\/2024\/03\/19.png\u00a0\u00bb image_size=\u00a0\u00bbfull\u00a0\u00bb align=\u00a0\u00bbcenter\u00a0\u00bb][vc_column_text align=\u00a0\u00bbcenter\u00a0\u00bb css=\u00a0\u00bb.vc_custom_1535524179826{margin-bottom: 0px !important;}\u00a0\u00bb]Tours, activit\u00e9s &amp; synergie<br \/>\nd\u2019\u00e9quipe (teambuilding)[\/vc_column_text][vc_separator color=\u00a0\u00bbcustom\u00a0\u00bb border_width=\u00a0\u00bb10&Prime; el_width=\u00a0\u00bb40&Prime; accent_color=\u00a0\u00bb#eaebed\u00a0\u00bb][mk_padding_divider visibility=\u00a0\u00bbvisible-nb\u00a0\u00bb][\/vc_column_inner][vc_column_inner el_class=\u00a0\u00bbpastilles2&Prime; width=\u00a0\u00bb1\/3&Prime;][mk_image src=\u00a0\u00bbhttps:\/\/www.zesteincentive.com\/wp-content\/uploads\/2024\/03\/17.png\u00a0\u00bb image_size=\u00a0\u00bbfull\u00a0\u00bb align=\u00a0\u00bbcenter\u00a0\u00bb][vc_column_text align=\u00a0\u00bbcenter\u00a0\u00bb css=\u00a0\u00bb.vc_custom_1535524100885{margin-bottom: 0px !important;}\u00a0\u00bb]Programmes d\u2019activit\u00e9s<br \/>\npour les conjoint\/es[\/vc_column_text][vc_separator color=\u00a0\u00bbcustom\u00a0\u00bb border_width=\u00a0\u00bb10&Prime; el_width=\u00a0\u00bb40&Prime; accent_color=\u00a0\u00bb#eaebed\u00a0\u00bb][mk_padding_divider visibility=\u00a0\u00bbvisible-nb\u00a0\u00bb][\/vc_column_inner][vc_column_inner el_class=\u00a0\u00bbpastilles2&Prime; width=\u00a0\u00bb1\/3&Prime;][mk_image src=\u00a0\u00bbhttps:\/\/www.zesteincentive.com\/wp-content\/uploads\/2024\/03\/airport.png\u00a0\u00bb image_size=\u00a0\u00bbfull\u00a0\u00bb align=\u00a0\u00bbcenter\u00a0\u00bb][vc_column_text align=\u00a0\u00bbcenter\u00a0\u00bb css=\u00a0\u00bb.vc_custom_1535524112610{margin-bottom: 0px !important;}\u00a0\u00bb]Accueil \u00e0 l\u2019a\u00e9roport &amp;<br \/>\npersonnel pour \u00e9v\u00e9nements[\/vc_column_text][vc_separator color=\u00a0\u00bbcustom\u00a0\u00bb border_width=\u00a0\u00bb10&Prime; el_width=\u00a0\u00bb40&Prime; accent_color=\u00a0\u00bb#eaebed\u00a0\u00bb][\/vc_column_inner][\/vc_row_inner][vc_row_inner css=\u00a0\u00bb.vc_custom_1533662357774{margin-top: 50px !important;}\u00a0\u00bb][vc_column_inner el_class=\u00a0\u00bbpastilles2&Prime; width=\u00a0\u00bb1\/3&Prime;][mk_image src=\u00a0\u00bbhttps:\/\/www.zesteincentive.com\/wp-content\/uploads\/2024\/03\/20.png\u00a0\u00bb image_size=\u00a0\u00bbfull\u00a0\u00bb align=\u00a0\u00bbcenter\u00a0\u00bb][vc_column_text align=\u00a0\u00bbcenter\u00a0\u00bb css=\u00a0\u00bb.vc_custom_1535524122229{margin-bottom: 0px !important;}\u00a0\u00bb]Logistique en mati\u00e8re<br \/>\nde transport terrestre[\/vc_column_text][vc_separator color=\u00a0\u00bbcustom\u00a0\u00bb border_width=\u00a0\u00bb10&Prime; el_width=\u00a0\u00bb40&Prime; accent_color=\u00a0\u00bb#eaebed\u00a0\u00bb][mk_padding_divider visibility=\u00a0\u00bbvisible-nb\u00a0\u00bb][\/vc_column_inner][vc_column_inner el_class=\u00a0\u00bbpastilles2&Prime; width=\u00a0\u00bb1\/3&Prime;][mk_image src=\u00a0\u00bbhttps:\/\/www.zesteincentive.com\/wp-content\/uploads\/2024\/03\/21.png\u00a0\u00bb image_size=\u00a0\u00bbfull\u00a0\u00bb align=\u00a0\u00bbcenter\u00a0\u00bb][vc_column_text align=\u00a0\u00bbcenter\u00a0\u00bb css=\u00a0\u00bb.vc_custom_1535524138735{margin-bottom: 0px !important;}\u00a0\u00bb]Cadeaux d\u2019entreprise<br \/>\net de bienvenue[\/vc_column_text][vc_separator color=\u00a0\u00bbcustom\u00a0\u00bb border_width=\u00a0\u00bb10&Prime; el_width=\u00a0\u00bb40&Prime; accent_color=\u00a0\u00bb#eaebed\u00a0\u00bb][mk_padding_divider visibility=\u00a0\u00bbvisible-nb\u00a0\u00bb][\/vc_column_inner][vc_column_inner el_class=\u00a0\u00bbpastilles2&Prime; width=\u00a0\u00bb1\/3&Prime;][mk_image src=\u00a0\u00bbhttps:\/\/www.zesteincentive.com\/wp-content\/uploads\/2024\/03\/22.png\u00a0\u00bb image_size=\u00a0\u00bbfull\u00a0\u00bb align=\u00a0\u00bbcenter\u00a0\u00bb][vc_column_text align=\u00a0\u00bbcenter\u00a0\u00bb css=\u00a0\u00bb.vc_custom_1535524149446{margin-bottom: 0px !important;}\u00a0\u00bb]Services<br \/>\n\u00e9v\u00e9nementiels[\/vc_column_text][vc_separator color=\u00a0\u00bbcustom\u00a0\u00bb border_width=\u00a0\u00bb10&Prime; el_width=\u00a0\u00bb40&Prime; accent_color=\u00a0\u00bb#eaebed\u00a0\u00bb][\/vc_column_inner][\/vc_row_inner][\/vc_column][\/vc_row][mk_page_section bg_image=\u00a0\u00bbhttps:\/\/www.zesteincentive.com\/wp-content\/uploads\/2018\/08\/bg-about6.jpg\u00a0\u00bb bg_position=\u00a0\u00bbcenter top\u00a0\u00bb bg_repeat=\u00a0\u00bbno-repeat\u00a0\u00bb min_height=\u00a0\u00bb\u00a0\u00bb full_width=\u00a0\u00bbtrue\u00a0\u00bb js_vertical_centered=\u00a0\u00bbtrue\u00a0\u00bb padding_top=\u00a0\u00bb200&Prime; padding_bottom=\u00a0\u00bb200&Prime; sidebar=\u00a0\u00bbsidebar-1&Prime;][vc_column][vc_row_inner attached=\u00a0\u00bbtrue\u00a0\u00bb el_class=\u00a0\u00bbcall2action\u00a0\u00bb][vc_column_inner width=\u00a0\u00bb1\/3&Prime; css=\u00a0\u00bb.vc_custom_1533696338680{background-image: url(https:\/\/www.zesteincentive.com\/wp-content\/uploads\/2018\/08\/bg-whyus2.jpg?id=1100) !important;}\u00a0\u00bb][\/vc_column_inner][vc_column_inner width=\u00a0\u00bb1\/3&Prime;][mk_custom_box padding_vertical=\u00a0\u00bb0&Prime; padding_horizental=\u00a0\u00bb0&Prime; margin_bottom=\u00a0\u00bb0&Prime; min_height=\u00a0\u00bb200&Prime; bg_color=\u00a0\u00bb#d3334b\u00a0\u00bb][mk_fancy_title color=\u00a0\u00bb#ffffff\u00a0\u00bb size=\u00a0\u00bb35&Prime; font_family=\u00a0\u00bbnone\u00a0\u00bb align=\u00a0\u00bbcenter\u00a0\u00bb]POURQUOI NOUS ?[\/mk_fancy_title][vc_column_text css=\u00a0\u00bb.vc_custom_1535524233018{margin-bottom: 0px !important;}\u00a0\u00bb]<a href=\"\/fr\/a-propos\/\">EN SAVOIR PLUS<\/a>[\/vc_column_text][\/mk_custom_box][mk_custom_box padding_vertical=\u00a0\u00bb0&Prime; padding_horizental=\u00a0\u00bb0&Prime; margin_bottom=\u00a0\u00bb0&Prime; min_height=\u00a0\u00bb200&Prime; bg_color=\u00a0\u00bb#a7a8ac\u00a0\u00bb][mk_fancy_title color=\u00a0\u00bb#ffffff\u00a0\u00bb size=\u00a0\u00bb35&Prime; font_family=\u00a0\u00bbnone\u00a0\u00bb align=\u00a0\u00bbcenter\u00a0\u00bb]APER\u00c7U DE NOS DESTINATIONS[\/mk_fancy_title][vc_column_text css=\u00a0\u00bb.vc_custom_1535524270777{margin-bottom: 0px !important;}\u00a0\u00bb]<a href=\"\/fr\/canada\/\">EXPLORER LE CANADA<\/a> | <a href=\"\/fr\/etats-unis\/\">EXPLORER LES \u00c9TATS-UNIS <\/a> | <a href=\"\/fr\/international\/?lang=fr\">EXPLORER L\u2019INTERNATIONAL<\/a>[\/vc_column_text][\/mk_custom_box][\/vc_column_inner][vc_column_inner width=\u00a0\u00bb1\/3&Prime; css=\u00a0\u00bb.vc_custom_1533696425328{background-image: url(https:\/\/www.zesteincentive.com\/wp-content\/uploads\/2018\/08\/bg-glimps3.jpg?id=1101) !important;}\u00a0\u00bb][\/vc_column_inner][\/vc_row_inner][\/vc_column][\/mk_page_section][vc_row][vc_column][vc_column_text css=\u00a0\u00bb.vc_custom_1535426270440{margin-bottom: 0px !important;}\u00a0\u00bb]<p>[mk_page_section bg_image=\"https:\/\/www.zesteincentive.com\/wp-content\/uploads\/2018\/08\/features-bg-06x.jpg\" bg_color=\"#000000\" bg_repeat=\"no-repeat\" bg_stretch=\"true\" video_opacity=\"0.5\" min_height=\"\" js_vertical_centered=\"true\" padding_top=\"30\" padding_bottom=\"30\" sidebar=\"sidebar-1\"][vc_column width=\"1\/3\"][mk_padding_divider size=\"20\" visibility=\"hidden-tl\"][mk_padding_divider size=\"30\"][mk_fancy_title tag_name=\"h4\" color=\"#ffffff\" size=\"25\" txt_transform=\"none\" margin_bottom=\"0\" font_family=\"none\" align=\"right\"]Demande de <span style=\"color: #333333;\"><strong>soumission<\/strong><\/span>...[\/mk_fancy_title][\/vc_column][vc_column width=\"1\/3\"][mk_moving_image src=\"https:\/\/www.zesteincentive.com\/wp-content\/uploads\/2018\/03\/features-icon.png\" axis=\"pulse\" align=\"center\" link=\"\/fr\/contact\/\"][\/vc_column][vc_column width=\"1\/3\"][mk_padding_divider size=\"20\" visibility=\"hidden-tl\"][mk_padding_divider size=\"30\"][mk_fancy_title tag_name=\"h4\" color=\"#ffffff\" size=\"25\" txt_transform=\"none\" margin_bottom=\"0\" font_family=\"none\"]R\u00e9ponse <span style=\"color: #333333;\"><strong>rapide!<\/strong><\/span>[\/mk_fancy_title][\/vc_column][\/mk_page_section]<\/p>\n[\/vc_column_text][\/vc_column][\/vc_row]\n","protected":false},"excerpt":{"rendered":"<p>[mk_page_section bg_color=\u00a0\u00bb#222222&Prime; bg_position=\u00a0\u00bbcenter bottom\u00a0\u00bb bg_video=\u00a0\u00bbyes\u00a0\u00bb mp4=\u00a0\u00bbhttps:\/\/www.zesteincentive.com\/wp-content\/uploads\/2018\/07\/garewindsor.mp4&Prime; video_color_mask=\u00a0\u00bb#000000&Prime; video_opacity=\u00a0\u00bb0.2&Prime; min_height=\u00a0\u00bb500&Prime; padding_top=\u00a0\u00bb200&Prime; padding_bottom=\u00a0\u00bb200&Prime; sidebar=\u00a0\u00bbsidebar-1&Prime;][vc_column width=\u00a0\u00bb1\/6&Prime;][\/vc_column][vc_column width=\u00a0\u00bb2\/3&Prime;][mk_padding_divider][mk_padding_divider size=\u00a0\u00bb80&Prime; visibility=\u00a0\u00bbhidden-sm\u00a0\u00bb][mk_fancy_title tag_name=\u00a0\u00bbh1&Prime; color=\u00a0\u00bb#ffffff\u00a0\u00bb size=\u00a0\u00bb50&Prime; force_font_size=\u00a0\u00bbtrue\u00a0\u00bb size_phone=\u00a0\u00bb25&Prime; font_weight=\u00a0\u00bb500&Prime; txt_transform=\u00a0\u00bbuppercase\u00a0\u00bb font_family=\u00a0\u00bbnone\u00a0\u00bb align=\u00a0\u00bbcenter\u00a0\u00bb el_class=\u00a0\u00bbno-margin no-padding\u00a0\u00bb]R\u00c9CEPTIF[\/mk_fancy_title][\/vc_column][vc_column width=\u00a0\u00bb1\/6&Prime;][\/vc_column][\/mk_page_section][vc_row][vc_column][mk_fancy_title color=\u00a0\u00bb#d3334b\u00a0\u00bb size=\u00a0\u00bb22&Prime; font_weight=\u00a0\u00bbbold\u00a0\u00bb txt_transform=\u00a0\u00bbuppercase\u00a0\u00bb letter_spacing=\u00a0\u00bb1&Prime; margin_top=\u00a0\u00bb65&Prime; margin_bottom=\u00a0\u00bb35&Prime; font_family=\u00a0\u00bbJosefin+Sans\u00a0\u00bb font_type=\u00a0\u00bbgoogle\u00a0\u00bb align=\u00a0\u00bbcenter\u00a0\u00bb]NOTRE MISSION[\/mk_fancy_title][vc_column_text align=\u00a0\u00bbcenter\u00a0\u00bb css=\u00a0\u00bb.vc_custom_1535523989853{margin-bottom: 0px !important;}\u00a0\u00bb]Proposer et mettre en oeuvre des programmes cr\u00e9atifs, novateurs et imaginatifs respectant tout [&hellip;]<\/p>\n","protected":false},"author":1,"featured_media":0,"parent":0,"menu_order":-900,"comment_status":"closed","ping_status":"closed","template":"","meta":{"_monsterinsights_skip_tracking":false,"_monsterinsights_sitenote_active":false,"_monsterinsights_sitenote_note":"","_monsterinsights_sitenote_category":0,"footnotes":""},"class_list":["post-1417","page","type-page","status-publish","hentry"],"aioseo_notices":[],"_links":{"self":[{"href":"https:\/\/www.zesteincentive.com\/fr\/wp-json\/wp\/v2\/pages\/1417","targetHints":{"allow":["GET"]}}],"collection":[{"href":"https:\/\/www.zesteincentive.com\/fr\/wp-json\/wp\/v2\/pages"}],"about":[{"href":"https:\/\/www.zesteincentive.com\/fr\/wp-json\/wp\/v2\/types\/page"}],"author":[{"embeddable":true,"href":"https:\/\/www.zesteincentive.com\/fr\/wp-json\/wp\/v2\/users\/1"}],"replies":[{"embeddable":true,"href":"https:\/\/www.zesteincentive.com\/fr\/wp-json\/wp\/v2\/comments?post=1417"}],"version-history":[{"count":0,"href":"https:\/\/www.zesteincentive.com\/fr\/wp-json\/wp\/v2\/pages\/1417\/revisions"}],"wp:attachment":[{"href":"https:\/\/www.zesteincentive.com\/fr\/wp-json\/wp\/v2\/media?parent=1417"}],"curies":[{"name":"wp","href":"https:\/\/api.w.org\/{rel}","templated":true}]}}