{"id":1419,"date":"2018-05-04T14:06:03","date_gmt":"2018-05-04T19:06:03","guid":{"rendered":"https:\/\/www.zesteincentive.com\/testimonials\/"},"modified":"2024-03-14T06:08:51","modified_gmt":"2024-03-14T11:08:51","slug":"temoignages","status":"publish","type":"page","link":"https:\/\/www.zesteincentive.com\/fr\/temoignages\/","title":{"rendered":"T\u00e9moignages"},"content":{"rendered":"[mk_page_section bg_image=\u00a0\u00bbhttps:\/\/www.zesteincentive.com\/wp-content\/uploads\/2018\/03\/contact-header.jpg\u00a0\u00bb bg_color=\u00a0\u00bb#252525&Prime; video_color_mask=\u00a0\u00bb#000000&Prime; video_opacity=\u00a0\u00bb0.2&Prime; padding_top=\u00a0\u00bb100&Prime; padding_bottom=\u00a0\u00bb100&Prime; el_class=\u00a0\u00bbcacher\u00a0\u00bb sidebar=\u00a0\u00bbsidebar-1&Prime;][vc_column width=\u00a0\u00bb1\/6&Prime;][\/vc_column][vc_column width=\u00a0\u00bb2\/3&Prime;][mk_padding_divider][mk_padding_divider size=\u00a0\u00bb100&Prime; visibility=\u00a0\u00bbhidden-sm\u00a0\u00bb][mk_fancy_title tag_name=\u00a0\u00bbh1&Prime; color=\u00a0\u00bb#ffffff\u00a0\u00bb size=\u00a0\u00bb34&Prime; font_weight=\u00a0\u00bb500&Prime; txt_transform=\u00a0\u00bbuppercase\u00a0\u00bb font_family=\u00a0\u00bbnone\u00a0\u00bb align=\u00a0\u00bbcenter\u00a0\u00bb]T\u00e9moignages[\/mk_fancy_title][\/vc_column][vc_column width=\u00a0\u00bb1\/6&Prime;][\/vc_column][\/mk_page_section][vc_row][vc_column][mk_padding_divider size=\u00a0\u00bb100&Prime;][mk_fancy_title color=\u00a0\u00bb#d3334b\u00a0\u00bb size=\u00a0\u00bb22&Prime; font_weight=\u00a0\u00bbbold\u00a0\u00bb txt_transform=\u00a0\u00bbuppercase\u00a0\u00bb letter_spacing=\u00a0\u00bb1&Prime; margin_top=\u00a0\u00bb90&Prime; margin_bottom=\u00a0\u00bb30&Prime; font_family=\u00a0\u00bbJosefin+Sans\u00a0\u00bb font_type=\u00a0\u00bbgoogle\u00a0\u00bb align=\u00a0\u00bbcenter\u00a0\u00bb]CE QUE NOS CLIENTS DISENT DE NOUS\u2026[\/mk_fancy_title][\/vc_column][\/vc_row][vc_row el_class=\u00a0\u00bbtestimonials-list\u00a0\u00bb][vc_column][vc_row_inner][vc_column_inner width=\u00a0\u00bb1\/3&Prime;][vc_column_text el_class=\u00a0\u00bbtestimonial-infos\u00a0\u00bb css=\u00a0\u00bb.vc_custom_1531858177811{margin-bottom: 0px !important;}\u00a0\u00bb]The whole weekend ran smoother than I could have hoped and it was in no small part due to your team, so thank you.[\/vc_column_text][vc_single_image image=\u00a0\u00bb830&Prime; img_size=\u00a0\u00bbfull\u00a0\u00bb el_class=\u00a0\u00bbtestimonial-img\u00a0\u00bb][\/vc_column_inner][vc_column_inner width=\u00a0\u00bb1\/3&Prime;][vc_column_text el_class=\u00a0\u00bbtestimonial-infos\u00a0\u00bb css=\u00a0\u00bb.vc_custom_1531925778609{margin-bottom: 0px !important;}\u00a0\u00bb]Thank for making the Grand Prix event a huge success!! Every aspect was handled with professionalism and attention to detail. You were amazing to work with and your on-site staff were helpful and professional.[\/vc_column_text][vc_single_image image=\u00a0\u00bb832&Prime; img_size=\u00a0\u00bbfull\u00a0\u00bb el_class=\u00a0\u00bbtestimonial-img\u00a0\u00bb][\/vc_column_inner][vc_column_inner width=\u00a0\u00bb1\/3&Prime;][vc_column_text el_class=\u00a0\u00bbtestimonial-infos\u00a0\u00bb css=\u00a0\u00bb.vc_custom_1531925792109{margin-bottom: 0px !important;}\u00a0\u00bb]THANK YOU SO MUCH for all your help. Your piece of this event was seamless!!!![\/vc_column_text][vc_single_image image=\u00a0\u00bb834&Prime; img_size=\u00a0\u00bbfull\u00a0\u00bb el_class=\u00a0\u00bbtestimonial-img\u00a0\u00bb][\/vc_column_inner][\/vc_row_inner][mk_padding_divider size=\u00a0\u00bb50&Prime;][vc_row_inner][vc_column_inner width=\u00a0\u00bb1\/3&Prime;][vc_column_text el_class=\u00a0\u00bbtestimonial-infos\u00a0\u00bb css=\u00a0\u00bb.vc_custom_1531925815174{margin-bottom: 0px !important;}\u00a0\u00bb]Please extend thank to your staff for their care and attention. In particular, I appreciated your responsiveness to our needs and the ease of doing business from Australia.[\/vc_column_text][vc_single_image image=\u00a0\u00bb836&Prime; img_size=\u00a0\u00bbfull\u00a0\u00bb el_class=\u00a0\u00bbtestimonial-img\u00a0\u00bb][\/vc_column_inner][vc_column_inner width=\u00a0\u00bb1\/3&Prime;][vc_column_text el_class=\u00a0\u00bbtestimonial-infos\u00a0\u00bb css=\u00a0\u00bb.vc_custom_1531925828169{margin-bottom: 0px !important;}\u00a0\u00bb]All your support, dedication and help has been outstanding and I can\u2019t remember an Academy where everything in terms of hotels and transportation has worked so smoothly.[\/vc_column_text][vc_single_image image=\u00a0\u00bb838&Prime; img_size=\u00a0\u00bbfull\u00a0\u00bb el_class=\u00a0\u00bbtestimonial-img\u00a0\u00bb][\/vc_column_inner][vc_column_inner width=\u00a0\u00bb1\/3&Prime;][vc_column_text el_class=\u00a0\u00bbtestimonial-infos\u00a0\u00bb css=\u00a0\u00bb.vc_custom_1531925840689{margin-bottom: 0px !important;}\u00a0\u00bb]You guys did such a beautiful job this evening. Everything was perfect. The venue. The caterer. The decor. The FLOW. Everything.[\/vc_column_text][vc_single_image image=\u00a0\u00bb840&Prime; img_size=\u00a0\u00bbfull\u00a0\u00bb el_class=\u00a0\u00bbtestimonial-img\u00a0\u00bb][\/vc_column_inner][\/vc_row_inner][mk_padding_divider size=\u00a0\u00bb50&Prime;][vc_row_inner][vc_column_inner width=\u00a0\u00bb1\/3&Prime;][vc_column_text el_class=\u00a0\u00bbtestimonial-infos\u00a0\u00bb css=\u00a0\u00bb.vc_custom_1531925866575{margin-bottom: 0px !important;}\u00a0\u00bb]Merci de m\u2019avoir permis de compter sur vous et de faire partie de ce moment historique (assister au vol inaugural de l\u2019avion Cseries) non seulement chez Bombardier mais historique en aviation!<\/p>\n<p>Au plaisir de retravailler ensemble![\/vc_column_text][vc_single_image image=\u00a0\u00bb842&Prime; img_size=\u00a0\u00bbfull\u00a0\u00bb el_class=\u00a0\u00bbtestimonial-img\u00a0\u00bb][\/vc_column_inner][vc_column_inner width=\u00a0\u00bb1\/3&Prime;][vc_column_text el_class=\u00a0\u00bbtestimonial-infos\u00a0\u00bb css=\u00a0\u00bb.vc_custom_1531925881312{margin-bottom: 0px !important;}\u00a0\u00bb]It\u2019s important to note that Zeste is not just Marie-France. Every single person that I worked with from Zeste had the same amazing attitude, work-ethic, detail, professionalism and drive.[\/vc_column_text][vc_single_image image=\u00a0\u00bb844&Prime; img_size=\u00a0\u00bbfull\u00a0\u00bb el_class=\u00a0\u00bbtestimonial-img\u00a0\u00bb][\/vc_column_inner][vc_column_inner width=\u00a0\u00bb1\/3&Prime;][vc_column_text el_class=\u00a0\u00bbtestimonial-infos\u00a0\u00bb css=\u00a0\u00bb.vc_custom_1531925894880{margin-bottom: 0px !important;}\u00a0\u00bb]Merci beaucoup, merci de fond du c\u0153ur pour tout ce que tu as fait sur ce dossier, et qui a permis de faire de ce s\u00e9jour un immense succ\u00e8s.[\/vc_column_text][vc_single_image image=\u00a0\u00bb861&Prime; img_size=\u00a0\u00bbfull\u00a0\u00bb el_class=\u00a0\u00bbtestimonial-img\u00a0\u00bb][\/vc_column_inner][\/vc_row_inner][mk_padding_divider size=\u00a0\u00bb50&Prime;][vc_row_inner][vc_column_inner width=\u00a0\u00bb1\/3&Prime;][vc_column_text el_class=\u00a0\u00bbtestimonial-infos\u00a0\u00bb css=\u00a0\u00bb.vc_custom_1531925923198{margin-bottom: 0px !important;}\u00a0\u00bb]One of the best DMCs I have had the luxury to work with over my career.\u00a0 Met my budget without and fuss, offered solutions to possible challenges, and defined destination experts.[\/vc_column_text][vc_single_image image=\u00a0\u00bb848&Prime; img_size=\u00a0\u00bbfull\u00a0\u00bb el_class=\u00a0\u00bbtestimonial-img\u00a0\u00bb][\/vc_column_inner][vc_column_inner width=\u00a0\u00bb1\/3&Prime;][vc_column_text el_class=\u00a0\u00bbtestimonial-infos\u00a0\u00bb css=\u00a0\u00bb.vc_custom_1531926107892{margin-bottom: 0px !important;}\u00a0\u00bb]\u2026 pour te remercier et te dire combien le groupe a appr\u00e9ci\u00e9 une nouvelle fois ce p\u00e9riple \u00e0 travers les parcs. Merci pour ton aide pr\u00e9cieuse.[\/vc_column_text][vc_single_image image=\u00a0\u00bb850&Prime; img_size=\u00a0\u00bbfull\u00a0\u00bb el_class=\u00a0\u00bbtestimonial-img\u00a0\u00bb][\/vc_column_inner][vc_column_inner width=\u00a0\u00bb1\/3&Prime;][vc_column_text el_class=\u00a0\u00bbtestimonial-infos\u00a0\u00bb css=\u00a0\u00bb.vc_custom_1531926137953{margin-bottom: 0px !important;}\u00a0\u00bb]C\u2019est un plaisir de travailler en collaboration avec toi. Pour moi, c\u2019est facile car je sais que tout est g\u00e9r\u00e9. Merci d\u2019avoir fait de ce s\u00e9jour un immense succ\u00e8s.[\/vc_column_text][vc_single_image image=\u00a0\u00bb852&Prime; img_size=\u00a0\u00bbfull\u00a0\u00bb el_class=\u00a0\u00bbtestimonial-img\u00a0\u00bb][\/vc_column_inner][\/vc_row_inner][mk_padding_divider size=\u00a0\u00bb50&Prime;][vc_row_inner][vc_column_inner width=\u00a0\u00bb1\/3&Prime;][vc_column_text el_class=\u00a0\u00bbtestimonial-infos\u00a0\u00bb css=\u00a0\u00bb.vc_custom_1531926149462{margin-bottom: 0px !important;}\u00a0\u00bb]First and foremost, THANK YOU and the staff for last week. You all received rave reviews from our members. Everything went like clockwork and for them that is key.[\/vc_column_text][vc_single_image image=\u00a0\u00bb854&Prime; img_size=\u00a0\u00bbfull\u00a0\u00bb el_class=\u00a0\u00bbtestimonial-img\u00a0\u00bb][\/vc_column_inner][vc_column_inner width=\u00a0\u00bb1\/3&Prime;][vc_column_text el_class=\u00a0\u00bbtestimonial-infos\u00a0\u00bb css=\u00a0\u00bb.vc_custom_1532618319750{margin-bottom: 0px !important;}\u00a0\u00bb]Je voulais te remercier d&rsquo;avoir facilit\u00e9 le tout avec bonne humeur et efficacit\u00e9. Au plaisir de retravailler ensemble&#8230; car ce fut un r\u00e9el plaisir ![\/vc_column_text][vc_single_image image=\u00a0\u00bb863&Prime; img_size=\u00a0\u00bbfull\u00a0\u00bb el_class=\u00a0\u00bbtestimonial-img\u00a0\u00bb][\/vc_column_inner][vc_column_inner width=\u00a0\u00bb1\/3&Prime;][vc_column_text el_class=\u00a0\u00bbtestimonial-infos\u00a0\u00bb css=\u00a0\u00bb.vc_custom_1531926183897{margin-bottom: 0px !important;}\u00a0\u00bb]I am still hearing great comments about how the event looked and how much fun everyone had.[\/vc_column_text][vc_single_image image=\u00a0\u00bb858&Prime; img_size=\u00a0\u00bbfull\u00a0\u00bb el_class=\u00a0\u00bbtestimonial-img\u00a0\u00bb][\/vc_column_inner][\/vc_row_inner][mk_padding_divider size=\u00a0\u00bb50&Prime;][\/vc_column][\/vc_row][vc_row][vc_column][mk_padding_divider size=\u00a0\u00bb100&Prime;][\/vc_column][\/vc_row][vc_row][vc_column][vc_column_text css=\u00a0\u00bb.vc_custom_1535426799128{margin-bottom: 0px !important;}\u00a0\u00bb]<p>[mk_page_section bg_image=\"https:\/\/www.zesteincentive.com\/wp-content\/uploads\/2018\/08\/features-bg-06x.jpg\" bg_color=\"#000000\" bg_repeat=\"no-repeat\" bg_stretch=\"true\" video_opacity=\"0.5\" min_height=\"\" js_vertical_centered=\"true\" padding_top=\"30\" padding_bottom=\"30\" sidebar=\"sidebar-1\"][vc_column width=\"1\/3\"][mk_padding_divider size=\"20\" visibility=\"hidden-tl\"][mk_padding_divider size=\"30\"][mk_fancy_title tag_name=\"h4\" color=\"#ffffff\" size=\"25\" txt_transform=\"none\" margin_bottom=\"0\" font_family=\"none\" align=\"right\"]Demande de <span style=\"color: #333333;\"><strong>soumission<\/strong><\/span>...[\/mk_fancy_title][\/vc_column][vc_column width=\"1\/3\"][mk_moving_image src=\"https:\/\/www.zesteincentive.com\/wp-content\/uploads\/2018\/03\/features-icon.png\" axis=\"pulse\" align=\"center\" link=\"\/fr\/contact\/\"][\/vc_column][vc_column width=\"1\/3\"][mk_padding_divider size=\"20\" visibility=\"hidden-tl\"][mk_padding_divider size=\"30\"][mk_fancy_title tag_name=\"h4\" color=\"#ffffff\" size=\"25\" txt_transform=\"none\" margin_bottom=\"0\" font_family=\"none\"]R\u00e9ponse <span style=\"color: #333333;\"><strong>rapide!<\/strong><\/span>[\/mk_fancy_title][\/vc_column][\/mk_page_section]<\/p>\n[\/vc_column_text][\/vc_column][\/vc_row]\n","protected":false},"excerpt":{"rendered":"<p>[mk_page_section bg_image=\u00a0\u00bbhttps:\/\/www.zesteincentive.com\/wp-content\/uploads\/2018\/03\/contact-header.jpg\u00a0\u00bb bg_color=\u00a0\u00bb#252525&Prime; video_color_mask=\u00a0\u00bb#000000&Prime; video_opacity=\u00a0\u00bb0.2&Prime; padding_top=\u00a0\u00bb100&Prime; padding_bottom=\u00a0\u00bb100&Prime; el_class=\u00a0\u00bbcacher\u00a0\u00bb sidebar=\u00a0\u00bbsidebar-1&Prime;][vc_column width=\u00a0\u00bb1\/6&Prime;][\/vc_column][vc_column width=\u00a0\u00bb2\/3&Prime;][mk_padding_divider][mk_padding_divider size=\u00a0\u00bb100&Prime; visibility=\u00a0\u00bbhidden-sm\u00a0\u00bb][mk_fancy_title tag_name=\u00a0\u00bbh1&Prime; color=\u00a0\u00bb#ffffff\u00a0\u00bb size=\u00a0\u00bb34&Prime; font_weight=\u00a0\u00bb500&Prime; txt_transform=\u00a0\u00bbuppercase\u00a0\u00bb font_family=\u00a0\u00bbnone\u00a0\u00bb align=\u00a0\u00bbcenter\u00a0\u00bb]T\u00e9moignages[\/mk_fancy_title][\/vc_column][vc_column width=\u00a0\u00bb1\/6&Prime;][\/vc_column][\/mk_page_section][vc_row][vc_column][mk_padding_divider size=\u00a0\u00bb100&Prime;][mk_fancy_title color=\u00a0\u00bb#d3334b\u00a0\u00bb size=\u00a0\u00bb22&Prime; font_weight=\u00a0\u00bbbold\u00a0\u00bb txt_transform=\u00a0\u00bbuppercase\u00a0\u00bb letter_spacing=\u00a0\u00bb1&Prime; margin_top=\u00a0\u00bb90&Prime; margin_bottom=\u00a0\u00bb30&Prime; font_family=\u00a0\u00bbJosefin+Sans\u00a0\u00bb font_type=\u00a0\u00bbgoogle\u00a0\u00bb align=\u00a0\u00bbcenter\u00a0\u00bb]CE QUE NOS CLIENTS DISENT DE NOUS\u2026[\/mk_fancy_title][\/vc_column][\/vc_row][vc_row el_class=\u00a0\u00bbtestimonials-list\u00a0\u00bb][vc_column][vc_row_inner][vc_column_inner width=\u00a0\u00bb1\/3&Prime;][vc_column_text el_class=\u00a0\u00bbtestimonial-infos\u00a0\u00bb css=\u00a0\u00bb.vc_custom_1531858177811{margin-bottom: 0px !important;}\u00a0\u00bb]The whole weekend ran smoother than I could have hoped and it [&hellip;]<\/p>\n","protected":false},"author":1,"featured_media":0,"parent":0,"menu_order":-900,"comment_status":"closed","ping_status":"closed","template":"","meta":{"_monsterinsights_skip_tracking":false,"_monsterinsights_sitenote_active":false,"_monsterinsights_sitenote_note":"","_monsterinsights_sitenote_category":0,"footnotes":""},"class_list":["post-1419","page","type-page","status-publish","hentry"],"aioseo_notices":[],"_links":{"self":[{"href":"https:\/\/www.zesteincentive.com\/fr\/wp-json\/wp\/v2\/pages\/1419","targetHints":{"allow":["GET"]}}],"collection":[{"href":"https:\/\/www.zesteincentive.com\/fr\/wp-json\/wp\/v2\/pages"}],"about":[{"href":"https:\/\/www.zesteincentive.com\/fr\/wp-json\/wp\/v2\/types\/page"}],"author":[{"embeddable":true,"href":"https:\/\/www.zesteincentive.com\/fr\/wp-json\/wp\/v2\/users\/1"}],"replies":[{"embeddable":true,"href":"https:\/\/www.zesteincentive.com\/fr\/wp-json\/wp\/v2\/comments?post=1419"}],"version-history":[{"count":0,"href":"https:\/\/www.zesteincentive.com\/fr\/wp-json\/wp\/v2\/pages\/1419\/revisions"}],"wp:attachment":[{"href":"https:\/\/www.zesteincentive.com\/fr\/wp-json\/wp\/v2\/media?parent=1419"}],"curies":[{"name":"wp","href":"https:\/\/api.w.org\/{rel}","templated":true}]}}