{"id":1420,"date":"2018-05-04T13:59:42","date_gmt":"2018-05-04T18:59:42","guid":{"rendered":"https:\/\/www.zesteincentive.com\/meetings-incentive\/"},"modified":"2024-03-14T06:08:07","modified_gmt":"2024-03-14T11:08:07","slug":"reunions-voyages-de-recompense","status":"publish","type":"page","link":"https:\/\/www.zesteincentive.com\/fr\/reunions-voyages-de-recompense\/","title":{"rendered":"R\u00e9unions &#038; Voyages Incentives"},"content":{"rendered":"[mk_page_section bg_color=\u00a0\u00bb#222222&Prime; bg_position=\u00a0\u00bbcenter top\u00a0\u00bb bg_video=\u00a0\u00bbyes\u00a0\u00bb mp4=\u00a0\u00bbhttps:\/\/www.zesteincentive.com\/wp-content\/uploads\/2018\/07\/riovf.mp4&Prime; video_color_mask=\u00a0\u00bb#000000&Prime; video_opacity=\u00a0\u00bb0.2&Prime; min_height=\u00a0\u00bb500&Prime; padding_top=\u00a0\u00bb200&Prime; padding_bottom=\u00a0\u00bb200&Prime; sidebar=\u00a0\u00bbsidebar-1&Prime;][vc_column][mk_padding_divider][mk_padding_divider size=\u00a0\u00bb80&Prime; visibility=\u00a0\u00bbhidden-sm\u00a0\u00bb][mk_fancy_title tag_name=\u00a0\u00bbh1&Prime; color=\u00a0\u00bb#ffffff\u00a0\u00bb size=\u00a0\u00bb50&Prime; force_font_size=\u00a0\u00bbtrue\u00a0\u00bb size_phone=\u00a0\u00bb25&Prime; font_weight=\u00a0\u00bb500&Prime; txt_transform=\u00a0\u00bbuppercase\u00a0\u00bb font_family=\u00a0\u00bbnone\u00a0\u00bb align=\u00a0\u00bbcenter\u00a0\u00bb]R\u00c9UNIONS &amp; VOYAGES INCENTIVES[\/mk_fancy_title][\/vc_column][\/mk_page_section][vc_row css=\u00a0\u00bb.vc_custom_1531774544338{margin-top: 0px !important;padding-top: 0px !important;}\u00a0\u00bb][vc_column][mk_fancy_title color=\u00a0\u00bb#d3334b\u00a0\u00bb size=\u00a0\u00bb22&Prime; font_weight=\u00a0\u00bbbold\u00a0\u00bb txt_transform=\u00a0\u00bbuppercase\u00a0\u00bb letter_spacing=\u00a0\u00bb1&Prime; margin_top=\u00a0\u00bb65&Prime; margin_bottom=\u00a0\u00bb30&Prime; font_family=\u00a0\u00bbJosefin+Sans\u00a0\u00bb font_type=\u00a0\u00bbgoogle\u00a0\u00bb align=\u00a0\u00bbcenter\u00a0\u00bb]POURQUOI PLANIFIER UN VOYAGE INCENTIVE?[\/mk_fancy_title][vc_column_text disable_pattern=\u00a0\u00bbfalse\u00a0\u00bb margin_bottom=\u00a0\u00bb20&Prime; css=\u00a0\u00bb.vc_custom_1535523749459{margin-bottom: 60px !important;}\u00a0\u00bb]La r\u00e9ponse simple est que vous y gagnerez, en termes de productivit\u00e9 et de hausse des ventes, bien au-del\u00e0 de votre investissement. Des \u00e9tudes d\u00e9montrent m\u00eame qu\u2019un incentive peut augmenter le rendement d\u2019un employ\u00e9 individuel de 22%, le rendement d\u2019une \u00e9quipe de 44% et les ventes de 30%.<\/p>\n<p>Bien plus qu\u2019un beau voyage, un incentive, c\u2019est r\u00e9compenser vos meilleurs clients ou employ\u00e9s, et les motiver \u00e0 se d\u00e9passer afin d\u2019\u00eatre invit\u00e9s au prochain.<\/p>\n<p>C\u2019est l\u2019occasion de r\u00e9seauter pour vos invit\u00e9s, d\u2019\u00e9changer des id\u00e9es de fa\u00e7on ludique pour trouver des mani\u00e8res encore plus efficaces de faire des affaires une fois de retour &#8230; tout cela dans une ambiance de d\u00e9tente, o\u00f9 ils peuvent profiter des meilleurs h\u00f4tels et faire des activit\u00e9s extraordinaires qu\u2019ils n\u2019auraient jamais essay\u00e9es par eux-m\u00eames.<\/p>\n<p>Cela se traduira pour vous en une loyaut\u00e9 et un d\u00e9vouement accrus et, ultimement, des ventes plus \u00e9lev\u00e9es.[\/vc_column_text][\/vc_column][\/vc_row][vc_row css=\u00a0\u00bb.vc_custom_1533662599894{margin-bottom: 75px !important;}\u00a0\u00bb][vc_column][mk_fancy_title color=\u00a0\u00bb#d3334b\u00a0\u00bb size=\u00a0\u00bb22&Prime; font_weight=\u00a0\u00bbbold\u00a0\u00bb txt_transform=\u00a0\u00bbuppercase\u00a0\u00bb letter_spacing=\u00a0\u00bb1&Prime; margin_top=\u00a0\u00bb65&Prime; margin_bottom=\u00a0\u00bb30&Prime; font_family=\u00a0\u00bbJosefin+Sans\u00a0\u00bb font_type=\u00a0\u00bbgoogle\u00a0\u00bb align=\u00a0\u00bbcenter\u00a0\u00bb]Un aper\u00e7u de nos exp\u00e9riences[\/mk_fancy_title][vc_row_inner][vc_column_inner el_class=\u00a0\u00bbpastilles2&Prime; width=\u00a0\u00bb1\/3&Prime;][mk_image src=\u00a0\u00bbhttps:\/\/www.zesteincentive.com\/wp-content\/uploads\/2018\/08\/ronds-canada.jpg\u00a0\u00bb image_size=\u00a0\u00bbfull\u00a0\u00bb link=\u00a0\u00bb\/fr\/canada\/\u00a0\u00bb align=\u00a0\u00bbcenter\u00a0\u00bb][vc_column_text align=\u00a0\u00bbcenter\u00a0\u00bb css=\u00a0\u00bb.vc_custom_1710414481772{margin-bottom: 0px !important;}\u00a0\u00bb]<span style=\"color: #d3334b;\"><a style=\"color: #d3334b;\" href=\"\/fr\/canada\/\">Canada<\/a><\/span>[\/vc_column_text][vc_separator color=\u00a0\u00bbcustom\u00a0\u00bb border_width=\u00a0\u00bb10&Prime; el_width=\u00a0\u00bb40&Prime; accent_color=\u00a0\u00bb#eaebed\u00a0\u00bb][mk_padding_divider visibility=\u00a0\u00bbvisible-nb\u00a0\u00bb][\/vc_column_inner][vc_column_inner el_class=\u00a0\u00bbpastilles2&Prime; width=\u00a0\u00bb1\/3&Prime;][mk_image src=\u00a0\u00bbhttps:\/\/www.zesteincentive.com\/wp-content\/uploads\/2018\/08\/ronds-usa.jpg\u00a0\u00bb image_size=\u00a0\u00bbfull\u00a0\u00bb link=\u00a0\u00bb\/fr\/etats-unis\/\u00a0\u00bb align=\u00a0\u00bbcenter\u00a0\u00bb][vc_column_text align=\u00a0\u00bbcenter\u00a0\u00bb css=\u00a0\u00bb.vc_custom_1710414472466{margin-bottom: 0px !important;}\u00a0\u00bb]<span style=\"color: #d3334b;\"><a style=\"color: #d3334b;\" href=\"\/fr\/etats-unis\/\">\u00c9tats-Unis<\/a><\/span>[\/vc_column_text][vc_separator color=\u00a0\u00bbcustom\u00a0\u00bb border_width=\u00a0\u00bb10&Prime; el_width=\u00a0\u00bb40&Prime; accent_color=\u00a0\u00bb#eaebed\u00a0\u00bb][mk_padding_divider visibility=\u00a0\u00bbvisible-nb\u00a0\u00bb][\/vc_column_inner][vc_column_inner el_class=\u00a0\u00bbpastilles2&Prime; width=\u00a0\u00bb1\/3&Prime;][mk_image src=\u00a0\u00bbhttps:\/\/www.zesteincentive.com\/wp-content\/uploads\/2018\/08\/ronds-international.jpg\u00a0\u00bb image_size=\u00a0\u00bbfull\u00a0\u00bb link=\u00a0\u00bb\/fr\/international\/\u00a0\u00bb align=\u00a0\u00bbcenter\u00a0\u00bb][vc_column_text align=\u00a0\u00bbcenter\u00a0\u00bb css=\u00a0\u00bb.vc_custom_1710414459972{margin-bottom: 0px !important;}\u00a0\u00bb]<span style=\"color: #d3334b;\"><a style=\"color: #d3334b;\" href=\"\/fr\/international\/\">International<\/a><\/span>[\/vc_column_text][vc_separator color=\u00a0\u00bbcustom\u00a0\u00bb border_width=\u00a0\u00bb10&Prime; el_width=\u00a0\u00bb40&Prime; accent_color=\u00a0\u00bb#eaebed\u00a0\u00bb][\/vc_column_inner][\/vc_row_inner][\/vc_column][\/vc_row][vc_row][vc_column][vc_column_text css=\u00a0\u00bb.vc_custom_1535426646784{margin-bottom: 0px !important;}\u00a0\u00bb]<p>[mk_page_section bg_image=\"https:\/\/www.zesteincentive.com\/wp-content\/uploads\/2018\/08\/features-bg-06x.jpg\" bg_color=\"#000000\" bg_repeat=\"no-repeat\" bg_stretch=\"true\" video_opacity=\"0.5\" min_height=\"\" js_vertical_centered=\"true\" padding_top=\"30\" padding_bottom=\"30\" sidebar=\"sidebar-1\"][vc_column width=\"1\/3\"][mk_padding_divider size=\"20\" visibility=\"hidden-tl\"][mk_padding_divider size=\"30\"][mk_fancy_title tag_name=\"h4\" color=\"#ffffff\" size=\"25\" txt_transform=\"none\" margin_bottom=\"0\" font_family=\"none\" align=\"right\"]Demande de <span style=\"color: #333333;\"><strong>soumission<\/strong><\/span>...[\/mk_fancy_title][\/vc_column][vc_column width=\"1\/3\"][mk_moving_image src=\"https:\/\/www.zesteincentive.com\/wp-content\/uploads\/2018\/03\/features-icon.png\" axis=\"pulse\" align=\"center\" link=\"\/fr\/contact\/\"][\/vc_column][vc_column width=\"1\/3\"][mk_padding_divider size=\"20\" visibility=\"hidden-tl\"][mk_padding_divider size=\"30\"][mk_fancy_title tag_name=\"h4\" color=\"#ffffff\" size=\"25\" txt_transform=\"none\" margin_bottom=\"0\" font_family=\"none\"]R\u00e9ponse <span style=\"color: #333333;\"><strong>rapide!<\/strong><\/span>[\/mk_fancy_title][\/vc_column][\/mk_page_section]<\/p>\n[\/vc_column_text][\/vc_column][\/vc_row]\n","protected":false},"excerpt":{"rendered":"<p>[mk_page_section bg_color=\u00a0\u00bb#222222&Prime; bg_position=\u00a0\u00bbcenter top\u00a0\u00bb bg_video=\u00a0\u00bbyes\u00a0\u00bb mp4=\u00a0\u00bbhttps:\/\/www.zesteincentive.com\/wp-content\/uploads\/2018\/07\/riovf.mp4&Prime; video_color_mask=\u00a0\u00bb#000000&Prime; video_opacity=\u00a0\u00bb0.2&Prime; min_height=\u00a0\u00bb500&Prime; padding_top=\u00a0\u00bb200&Prime; padding_bottom=\u00a0\u00bb200&Prime; sidebar=\u00a0\u00bbsidebar-1&Prime;][vc_column][mk_padding_divider][mk_padding_divider size=\u00a0\u00bb80&Prime; visibility=\u00a0\u00bbhidden-sm\u00a0\u00bb][mk_fancy_title tag_name=\u00a0\u00bbh1&Prime; color=\u00a0\u00bb#ffffff\u00a0\u00bb size=\u00a0\u00bb50&Prime; force_font_size=\u00a0\u00bbtrue\u00a0\u00bb size_phone=\u00a0\u00bb25&Prime; font_weight=\u00a0\u00bb500&Prime; txt_transform=\u00a0\u00bbuppercase\u00a0\u00bb font_family=\u00a0\u00bbnone\u00a0\u00bb align=\u00a0\u00bbcenter\u00a0\u00bb]R\u00c9UNIONS &amp; VOYAGES INCENTIVES[\/mk_fancy_title][\/vc_column][\/mk_page_section][vc_row css=\u00a0\u00bb.vc_custom_1531774544338{margin-top: 0px !important;padding-top: 0px !important;}\u00a0\u00bb][vc_column][mk_fancy_title color=\u00a0\u00bb#d3334b\u00a0\u00bb size=\u00a0\u00bb22&Prime; font_weight=\u00a0\u00bbbold\u00a0\u00bb txt_transform=\u00a0\u00bbuppercase\u00a0\u00bb letter_spacing=\u00a0\u00bb1&Prime; margin_top=\u00a0\u00bb65&Prime; margin_bottom=\u00a0\u00bb30&Prime; font_family=\u00a0\u00bbJosefin+Sans\u00a0\u00bb font_type=\u00a0\u00bbgoogle\u00a0\u00bb align=\u00a0\u00bbcenter\u00a0\u00bb]POURQUOI PLANIFIER UN VOYAGE INCENTIVE?[\/mk_fancy_title][vc_column_text disable_pattern=\u00a0\u00bbfalse\u00a0\u00bb margin_bottom=\u00a0\u00bb20&Prime; css=\u00a0\u00bb.vc_custom_1535523749459{margin-bottom: 60px !important;}\u00a0\u00bb]La r\u00e9ponse simple est que vous [&hellip;]<\/p>\n","protected":false},"author":1,"featured_media":0,"parent":0,"menu_order":-900,"comment_status":"closed","ping_status":"closed","template":"","meta":{"_monsterinsights_skip_tracking":false,"_monsterinsights_sitenote_active":false,"_monsterinsights_sitenote_note":"","_monsterinsights_sitenote_category":0,"footnotes":""},"class_list":["post-1420","page","type-page","status-publish","hentry"],"aioseo_notices":[],"_links":{"self":[{"href":"https:\/\/www.zesteincentive.com\/fr\/wp-json\/wp\/v2\/pages\/1420","targetHints":{"allow":["GET"]}}],"collection":[{"href":"https:\/\/www.zesteincentive.com\/fr\/wp-json\/wp\/v2\/pages"}],"about":[{"href":"https:\/\/www.zesteincentive.com\/fr\/wp-json\/wp\/v2\/types\/page"}],"author":[{"embeddable":true,"href":"https:\/\/www.zesteincentive.com\/fr\/wp-json\/wp\/v2\/users\/1"}],"replies":[{"embeddable":true,"href":"https:\/\/www.zesteincentive.com\/fr\/wp-json\/wp\/v2\/comments?post=1420"}],"version-history":[{"count":0,"href":"https:\/\/www.zesteincentive.com\/fr\/wp-json\/wp\/v2\/pages\/1420\/revisions"}],"wp:attachment":[{"href":"https:\/\/www.zesteincentive.com\/fr\/wp-json\/wp\/v2\/media?parent=1420"}],"curies":[{"name":"wp","href":"https:\/\/api.w.org\/{rel}","templated":true}]}}