{"id":1421,"date":"2018-04-27T13:08:43","date_gmt":"2018-04-27T18:08:43","guid":{"rendered":"https:\/\/www.zesteincentive.com\/about\/"},"modified":"2024-03-27T13:44:27","modified_gmt":"2024-03-27T18:44:27","slug":"a-propos","status":"publish","type":"page","link":"https:\/\/www.zesteincentive.com\/fr\/a-propos\/","title":{"rendered":"L&rsquo;agence"},"content":{"rendered":"[mk_page_section bg_image=\u00a0\u00bbhttps:\/\/www.zesteincentive.com\/wp-content\/uploads\/2018\/07\/heroabout4.jpg\u00a0\u00bb bg_position=\u00a0\u00bbcenter center\u00a0\u00bb bg_repeat=\u00a0\u00bbno-repeat\u00a0\u00bb enable_3d=\u00a0\u00bbtrue\u00a0\u00bb video_opacity=\u00a0\u00bb0&Prime; min_height=\u00a0\u00bb400&Prime; padding_top=\u00a0\u00bb250&Prime; padding_bottom=\u00a0\u00bb250&Prime; sidebar=\u00a0\u00bbsidebar-1&Prime;][vc_column width=\u00a0\u00bb1\/6&Prime;][\/vc_column][vc_column width=\u00a0\u00bb2\/3&Prime;][mk_padding_divider][mk_padding_divider size=\u00a0\u00bb80&Prime; visibility=\u00a0\u00bbhidden-sm\u00a0\u00bb][mk_fancy_title tag_name=\u00a0\u00bbh1&Prime; color=\u00a0\u00bb#d42056&Prime; size=\u00a0\u00bb50&Prime; force_font_size=\u00a0\u00bbtrue\u00a0\u00bb size_phone=\u00a0\u00bb25&Prime; font_weight=\u00a0\u00bb500&Prime; txt_transform=\u00a0\u00bbuppercase\u00a0\u00bb font_family=\u00a0\u00bbnone\u00a0\u00bb align=\u00a0\u00bbcenter\u00a0\u00bb]Du Zeste et des gens \u2026[\/mk_fancy_title][\/vc_column][vc_column width=\u00a0\u00bb1\/6&Prime;][\/vc_column][\/mk_page_section][vc_row][vc_column][mk_fancy_title color=\u00a0\u00bb#d3334b\u00a0\u00bb size=\u00a0\u00bb22&Prime; font_weight=\u00a0\u00bbbold\u00a0\u00bb txt_transform=\u00a0\u00bbuppercase\u00a0\u00bb letter_spacing=\u00a0\u00bb1&Prime; margin_top=\u00a0\u00bb60&Prime; margin_bottom=\u00a0\u00bb30&Prime; font_family=\u00a0\u00bbJosefin+Sans\u00a0\u00bb font_type=\u00a0\u00bbgoogle\u00a0\u00bb align=\u00a0\u00bbcenter\u00a0\u00bb]Agence fond\u00e9e en 2001<br \/>\n20 sp\u00e9cialistes dans l\u2019industrie[\/mk_fancy_title][vc_column_text disable_pattern=\u00a0\u00bbfalse\u00a0\u00bb margin_bottom=\u00a0\u00bb60&Prime; css=\u00a0\u00bb.vc_custom_1535523014943{margin-bottom: 60px !important;}\u00a0\u00bb]Vous souhaitez organiser un \u00e9v\u00e9nement corporatif hors de l\u2019ordinaire pour vos plus chers clients et employ\u00e9s? Vous r\u00eavez d\u2019un voyage incentive d\u2019exception qui r\u00e9compenserait pleinement vos meilleurs clients?<\/p>\n<p>Nul besoin de chercher plus loin! Avec nos nombreuses id\u00e9es et ressources, nous avons tout en main pour r\u00e9aliser votre projet avec succ\u00e8s. Et cela, bien au-del\u00e0 de vos attentes, si \u00e9lev\u00e9es soient-elles.<\/p>\n<p>Le zeste, c\u2019est beaucoup plus que la touche finale, c\u2019est toute l\u2019inventivit\u00e9 et la fantaisie que nous insufflons dans votre projet. Le piquant, l\u2019inusit\u00e9, l\u2019originalit\u00e9.<\/p>\n<p>La cr\u00e9ativit\u00e9 est notre plus grand atout. Et lorsque vous confiez votre projet \u00e0 une \u00e9quipe de professionnels chevronn\u00e9s, attentifs et \u00e9veill\u00e9s, vous \u00eates assur\u00e9 d\u2019un r\u00e9sultat impressionnant et d\u2019un impact optimal. Fiez-vous \u00e0 une \u00e9quipe d\u2019exp\u00e9rience qui oeuvre aupr\u00e8s d\u2019une client\u00e8le fid\u00e8le t\u00e9moignant ann\u00e9e apr\u00e8s ann\u00e9e sa tr\u00e8s grande satisfaction.[\/vc_column_text][\/vc_column][\/vc_row][vc_row css=\u00a0\u00bb.vc_custom_1533662599894{margin-bottom: 75px !important;}\u00a0\u00bb][vc_column][mk_fancy_title color=\u00a0\u00bb#d3334b\u00a0\u00bb size=\u00a0\u00bb22&Prime; font_weight=\u00a0\u00bbbold\u00a0\u00bb txt_transform=\u00a0\u00bbuppercase\u00a0\u00bb letter_spacing=\u00a0\u00bb1&Prime; margin_top=\u00a0\u00bb65&Prime; margin_bottom=\u00a0\u00bb75&Prime; font_family=\u00a0\u00bbJosefin+Sans\u00a0\u00bb font_type=\u00a0\u00bbgoogle\u00a0\u00bb align=\u00a0\u00bbcenter\u00a0\u00bb]POURQUOI NOUS ?[\/mk_fancy_title][vc_row_inner][vc_column_inner el_class=\u00a0\u00bbpastilles2&Prime; width=\u00a0\u00bb1\/3&Prime;][mk_image src=\u00a0\u00bbhttps:\/\/www.zesteincentive.com\/wp-content\/uploads\/2018\/08\/ronds-beenthere.jpg\u00a0\u00bb image_size=\u00a0\u00bbfull\u00a0\u00bb align=\u00a0\u00bbcenter\u00a0\u00bb][vc_column_text align=\u00a0\u00bbcenter\u00a0\u00bb css=\u00a0\u00bb.vc_custom_1535523079405{margin-bottom: 0px !important;}\u00a0\u00bb]NOUS Y<br \/>\nSOMMES ALL\u00c9S[\/vc_column_text][vc_separator color=\u00a0\u00bbcustom\u00a0\u00bb border_width=\u00a0\u00bb10&Prime; el_width=\u00a0\u00bb40&Prime; accent_color=\u00a0\u00bb#eaebed\u00a0\u00bb][mk_padding_divider visibility=\u00a0\u00bbvisible-nb\u00a0\u00bb][\/vc_column_inner][vc_column_inner el_class=\u00a0\u00bbpastilles2&Prime; width=\u00a0\u00bb1\/3&Prime;][mk_image src=\u00a0\u00bbhttps:\/\/www.zesteincentive.com\/wp-content\/uploads\/2024\/03\/chien.png\u00a0\u00bb image_size=\u00a0\u00bbfull\u00a0\u00bb align=\u00a0\u00bbcenter\u00a0\u00bb][vc_column_text align=\u00a0\u00bbcenter\u00a0\u00bb css=\u00a0\u00bb.vc_custom_1535523106102{margin-bottom: 0px !important;}\u00a0\u00bb]NOTRE INT\u00c9GRIT\u00c9<br \/>\nET HONN\u00caTET\u00c9[\/vc_column_text][vc_separator color=\u00a0\u00bbcustom\u00a0\u00bb border_width=\u00a0\u00bb10&Prime; el_width=\u00a0\u00bb40&Prime; accent_color=\u00a0\u00bb#eaebed\u00a0\u00bb][mk_padding_divider visibility=\u00a0\u00bbvisible-nb\u00a0\u00bb][\/vc_column_inner][vc_column_inner el_class=\u00a0\u00bbpastilles2&Prime; width=\u00a0\u00bb1\/3&Prime;][mk_image src=\u00a0\u00bbhttps:\/\/www.zesteincentive.com\/wp-content\/uploads\/2018\/08\/ronds-network-1.jpg\u00a0\u00bb image_size=\u00a0\u00bbfull\u00a0\u00bb align=\u00a0\u00bbcenter\u00a0\u00bb][vc_column_text align=\u00a0\u00bbcenter\u00a0\u00bb css=\u00a0\u00bb.vc_custom_1535523125417{margin-bottom: 0px !important;}\u00a0\u00bb]NOTRE LARGE<br \/>\nR\u00c9SEAU[\/vc_column_text][vc_separator color=\u00a0\u00bbcustom\u00a0\u00bb border_width=\u00a0\u00bb10&Prime; el_width=\u00a0\u00bb40&Prime; accent_color=\u00a0\u00bb#eaebed\u00a0\u00bb][\/vc_column_inner][\/vc_row_inner][vc_row_inner css=\u00a0\u00bb.vc_custom_1533662357774{margin-top: 50px !important;}\u00a0\u00bb][vc_column_inner el_class=\u00a0\u00bbpastilles2&Prime; width=\u00a0\u00bb1\/3&Prime;][mk_image src=\u00a0\u00bbhttps:\/\/www.zesteincentive.com\/wp-content\/uploads\/2024\/03\/experience.png\u00a0\u00bb image_size=\u00a0\u00bbfull\u00a0\u00bb align=\u00a0\u00bbcenter\u00a0\u00bb][vc_column_text align=\u00a0\u00bbcenter\u00a0\u00bb css=\u00a0\u00bb.vc_custom_1535523228031{margin-bottom: 0px !important;}\u00a0\u00bb]UNE PROPOSITION<br \/>\nSUR-MESURE[\/vc_column_text][vc_separator color=\u00a0\u00bbcustom\u00a0\u00bb border_width=\u00a0\u00bb10&Prime; el_width=\u00a0\u00bb40&Prime; accent_color=\u00a0\u00bb#eaebed\u00a0\u00bb][mk_padding_divider visibility=\u00a0\u00bbvisible-nb\u00a0\u00bb][\/vc_column_inner][vc_column_inner el_class=\u00a0\u00bbpastilles2&Prime; width=\u00a0\u00bb1\/3&Prime;][mk_image src=\u00a0\u00bbhttps:\/\/www.zesteincentive.com\/wp-content\/uploads\/2024\/03\/manager.png\u00a0\u00bb image_size=\u00a0\u00bbfull\u00a0\u00bb align=\u00a0\u00bbcenter\u00a0\u00bb][vc_column_text align=\u00a0\u00bbcenter\u00a0\u00bb css=\u00a0\u00bb.vc_custom_1536242035925{margin-bottom: 0px !important;}\u00a0\u00bb]UN SEUL CONTACT<br \/>\nPOUR VOTRE PROJET[\/vc_column_text][vc_separator color=\u00a0\u00bbcustom\u00a0\u00bb border_width=\u00a0\u00bb10&Prime; el_width=\u00a0\u00bb40&Prime; accent_color=\u00a0\u00bb#eaebed\u00a0\u00bb][mk_padding_divider visibility=\u00a0\u00bbvisible-nb\u00a0\u00bb][\/vc_column_inner][vc_column_inner el_class=\u00a0\u00bbpastilles2&Prime; width=\u00a0\u00bb1\/3&Prime;][mk_image src=\u00a0\u00bbhttps:\/\/www.zesteincentive.com\/wp-content\/uploads\/2024\/03\/harmony.png\u00a0\u00bb image_size=\u00a0\u00bbfull\u00a0\u00bb align=\u00a0\u00bbcenter\u00a0\u00bb][vc_column_text align=\u00a0\u00bbcenter\u00a0\u00bb css=\u00a0\u00bb.vc_custom_1536241955273{margin-bottom: 0px !important;}\u00a0\u00bb]UN TRAVAIL EN<br \/>\nHARMONIE AVEC NOUS[\/vc_column_text][vc_separator color=\u00a0\u00bbcustom\u00a0\u00bb border_width=\u00a0\u00bb10&Prime; el_width=\u00a0\u00bb40&Prime; accent_color=\u00a0\u00bb#eaebed\u00a0\u00bb][\/vc_column_inner][\/vc_row_inner][\/vc_column][\/vc_row][mk_page_section bg_image=\u00a0\u00bbhttps:\/\/www.zesteincentive.com\/wp-content\/uploads\/2024\/03\/01-pattern-04-couleur_plan-de-travail-1.png\u00a0\u00bb bg_position=\u00a0\u00bbcenter top\u00a0\u00bb bg_repeat=\u00a0\u00bbrepeat-y\u00a0\u00bb bg_stretch=\u00a0\u00bbtrue\u00a0\u00bb enable_3d=\u00a0\u00bbtrue\u00a0\u00bb min_height=\u00a0\u00bb\u00a0\u00bb full_width=\u00a0\u00bbtrue\u00a0\u00bb js_vertical_centered=\u00a0\u00bbtrue\u00a0\u00bb padding_top=\u00a0\u00bb200&Prime; padding_bottom=\u00a0\u00bb200&Prime; sidebar=\u00a0\u00bbsidebar-1&Prime;][vc_column][vc_row_inner attached=\u00a0\u00bbtrue\u00a0\u00bb el_class=\u00a0\u00bbcall2action\u00a0\u00bb][vc_column_inner width=\u00a0\u00bb1\/3&Prime; css=\u00a0\u00bb.vc_custom_1533665511455{background-image: url(https:\/\/www.zesteincentive.com\/wp-content\/uploads\/2018\/08\/bg-about-call-2-action.jpg?id=1093) !important;}\u00a0\u00bb][\/vc_column_inner][vc_column_inner width=\u00a0\u00bb1\/3&Prime;][mk_custom_box padding_vertical=\u00a0\u00bb0&Prime; padding_horizental=\u00a0\u00bb0&Prime; margin_bottom=\u00a0\u00bb0&Prime; min_height=\u00a0\u00bb200&Prime; bg_color=\u00a0\u00bb#d3334b\u00a0\u00bb][mk_fancy_title color=\u00a0\u00bb#ffffff\u00a0\u00bb size=\u00a0\u00bb33&Prime; font_family=\u00a0\u00bbnone\u00a0\u00bb align=\u00a0\u00bbcenter\u00a0\u00bb]SERVICES[\/mk_fancy_title][vc_column_text css=\u00a0\u00bb.vc_custom_1536679656995{margin-bottom: 0px !important;}\u00a0\u00bb]<a href=\"\/fr\/reunions-voyages-de-recompense\/\">R\u00c9UNIONS &amp; VOYAGES INCENTIVES<\/a> | <a href=\"\/fr\/receptif\/\">R\u00c9CEPTIF<\/a> | <a href=\"\/fr\/evenements-speciaux\/?lang=fr\">\u00c9V\u00c9NEMENTS SP\u00c9CIAUX<\/a>[\/vc_column_text][\/mk_custom_box][mk_custom_box padding_vertical=\u00a0\u00bb0&Prime; padding_horizental=\u00a0\u00bb0&Prime; margin_bottom=\u00a0\u00bb0&Prime; min_height=\u00a0\u00bb200&Prime; bg_color=\u00a0\u00bb#a7a8ac\u00a0\u00bb][mk_fancy_title color=\u00a0\u00bb#ffffff\u00a0\u00bb size=\u00a0\u00bb33&Prime; font_family=\u00a0\u00bbnone\u00a0\u00bb align=\u00a0\u00bbcenter\u00a0\u00bb]UN APER\u00c7U DE NOS EXP\u00c9RIENCES[\/mk_fancy_title][vc_column_text css=\u00a0\u00bb.vc_custom_1535523561939{margin-bottom: 0px !important;}\u00a0\u00bb]<a href=\"\/fr\/canada\/\">EXPLORER LE CANADA<\/a> | <a href=\"\/fr\/etats-unis\/\">EXPLORER LES \u00c9TATS-UNIS <\/a> | <a href=\"\/fr\/international\/?lang=fr\">EXPLORER L\u2019INTERNATIONAL<\/a>[\/vc_column_text][\/mk_custom_box][\/vc_column_inner][vc_column_inner width=\u00a0\u00bb1\/3&Prime; css=\u00a0\u00bb.vc_custom_1533665601553{background-image: url(https:\/\/www.zesteincentive.com\/wp-content\/uploads\/2018\/08\/bg-shine-bright.jpg?id=1094) !important;}\u00a0\u00bb][\/vc_column_inner][\/vc_row_inner][\/vc_column][\/mk_page_section][vc_row][vc_column][vc_column_text css=\u00a0\u00bb.vc_custom_1535426860717{margin-bottom: 0px !important;}\u00a0\u00bb]<p>[mk_page_section bg_image=\"https:\/\/www.zesteincentive.com\/wp-content\/uploads\/2018\/08\/features-bg-06x.jpg\" bg_color=\"#000000\" bg_repeat=\"no-repeat\" bg_stretch=\"true\" video_opacity=\"0.5\" min_height=\"\" js_vertical_centered=\"true\" padding_top=\"30\" padding_bottom=\"30\" sidebar=\"sidebar-1\"][vc_column width=\"1\/3\"][mk_padding_divider size=\"20\" visibility=\"hidden-tl\"][mk_padding_divider size=\"30\"][mk_fancy_title tag_name=\"h4\" color=\"#ffffff\" size=\"25\" txt_transform=\"none\" margin_bottom=\"0\" font_family=\"none\" align=\"right\"]Demande de <span style=\"color: #333333;\"><strong>soumission<\/strong><\/span>...[\/mk_fancy_title][\/vc_column][vc_column width=\"1\/3\"][mk_moving_image src=\"https:\/\/www.zesteincentive.com\/wp-content\/uploads\/2018\/03\/features-icon.png\" axis=\"pulse\" align=\"center\" link=\"\/fr\/contact\/\"][\/vc_column][vc_column width=\"1\/3\"][mk_padding_divider size=\"20\" visibility=\"hidden-tl\"][mk_padding_divider size=\"30\"][mk_fancy_title tag_name=\"h4\" color=\"#ffffff\" size=\"25\" txt_transform=\"none\" margin_bottom=\"0\" font_family=\"none\"]R\u00e9ponse <span style=\"color: #333333;\"><strong>rapide!<\/strong><\/span>[\/mk_fancy_title][\/vc_column][\/mk_page_section]<\/p>\n[\/vc_column_text][\/vc_column][\/vc_row]\n","protected":false},"excerpt":{"rendered":"<p>[mk_page_section bg_image=\u00a0\u00bbhttps:\/\/www.zesteincentive.com\/wp-content\/uploads\/2018\/07\/heroabout4.jpg\u00a0\u00bb bg_position=\u00a0\u00bbcenter center\u00a0\u00bb bg_repeat=\u00a0\u00bbno-repeat\u00a0\u00bb enable_3d=\u00a0\u00bbtrue\u00a0\u00bb video_opacity=\u00a0\u00bb0&Prime; min_height=\u00a0\u00bb400&Prime; padding_top=\u00a0\u00bb250&Prime; padding_bottom=\u00a0\u00bb250&Prime; sidebar=\u00a0\u00bbsidebar-1&Prime;][vc_column width=\u00a0\u00bb1\/6&Prime;][\/vc_column][vc_column width=\u00a0\u00bb2\/3&Prime;][mk_padding_divider][mk_padding_divider size=\u00a0\u00bb80&Prime; visibility=\u00a0\u00bbhidden-sm\u00a0\u00bb][mk_fancy_title tag_name=\u00a0\u00bbh1&Prime; color=\u00a0\u00bb#d42056&Prime; size=\u00a0\u00bb50&Prime; force_font_size=\u00a0\u00bbtrue\u00a0\u00bb size_phone=\u00a0\u00bb25&Prime; font_weight=\u00a0\u00bb500&Prime; txt_transform=\u00a0\u00bbuppercase\u00a0\u00bb font_family=\u00a0\u00bbnone\u00a0\u00bb align=\u00a0\u00bbcenter\u00a0\u00bb]Du Zeste et des gens \u2026[\/mk_fancy_title][\/vc_column][vc_column width=\u00a0\u00bb1\/6&Prime;][\/vc_column][\/mk_page_section][vc_row][vc_column][mk_fancy_title color=\u00a0\u00bb#d3334b\u00a0\u00bb size=\u00a0\u00bb22&Prime; font_weight=\u00a0\u00bbbold\u00a0\u00bb txt_transform=\u00a0\u00bbuppercase\u00a0\u00bb letter_spacing=\u00a0\u00bb1&Prime; margin_top=\u00a0\u00bb60&Prime; margin_bottom=\u00a0\u00bb30&Prime; font_family=\u00a0\u00bbJosefin+Sans\u00a0\u00bb font_type=\u00a0\u00bbgoogle\u00a0\u00bb align=\u00a0\u00bbcenter\u00a0\u00bb]Agence fond\u00e9e en 2001 20 sp\u00e9cialistes dans l\u2019industrie[\/mk_fancy_title][vc_column_text disable_pattern=\u00a0\u00bbfalse\u00a0\u00bb margin_bottom=\u00a0\u00bb60&Prime; css=\u00a0\u00bb.vc_custom_1535523014943{margin-bottom: 60px !important;}\u00a0\u00bb]Vous souhaitez organiser un [&hellip;]<\/p>\n","protected":false},"author":1,"featured_media":0,"parent":0,"menu_order":-900,"comment_status":"closed","ping_status":"closed","template":"","meta":{"_monsterinsights_skip_tracking":false,"_monsterinsights_sitenote_active":false,"_monsterinsights_sitenote_note":"","_monsterinsights_sitenote_category":0,"footnotes":""},"class_list":["post-1421","page","type-page","status-publish","hentry"],"aioseo_notices":[],"_links":{"self":[{"href":"https:\/\/www.zesteincentive.com\/fr\/wp-json\/wp\/v2\/pages\/1421","targetHints":{"allow":["GET"]}}],"collection":[{"href":"https:\/\/www.zesteincentive.com\/fr\/wp-json\/wp\/v2\/pages"}],"about":[{"href":"https:\/\/www.zesteincentive.com\/fr\/wp-json\/wp\/v2\/types\/page"}],"author":[{"embeddable":true,"href":"https:\/\/www.zesteincentive.com\/fr\/wp-json\/wp\/v2\/users\/1"}],"replies":[{"embeddable":true,"href":"https:\/\/www.zesteincentive.com\/fr\/wp-json\/wp\/v2\/comments?post=1421"}],"version-history":[{"count":0,"href":"https:\/\/www.zesteincentive.com\/fr\/wp-json\/wp\/v2\/pages\/1421\/revisions"}],"wp:attachment":[{"href":"https:\/\/www.zesteincentive.com\/fr\/wp-json\/wp\/v2\/media?parent=1421"}],"curies":[{"name":"wp","href":"https:\/\/api.w.org\/{rel}","templated":true}]}}