{"id":1422,"date":"2018-03-15T18:21:02","date_gmt":"2018-03-15T23:21:02","guid":{"rendered":"https:\/\/www.zesteincentive.com\/contact\/"},"modified":"2025-01-15T15:07:43","modified_gmt":"2025-01-15T20:07:43","slug":"contact","status":"publish","type":"page","link":"https:\/\/www.zesteincentive.com\/fr\/contact\/","title":{"rendered":"Contact"},"content":{"rendered":"[vc_row][vc_column][mk_padding_divider size=\u00a0\u00bb100&Prime; visibility=\u00a0\u00bbhidden-sm\u00a0\u00bb][\/vc_column][\/vc_row][vc_row][vc_column width=\u00a0\u00bb1\/2&Prime;][mk_image src=\u00a0\u00bbhttps:\/\/www.zesteincentive.com\/wp-content\/uploads\/2024\/03\/dreamofzeste.png\u00a0\u00bb image_size=\u00a0\u00bbfull\u00a0\u00bb align=\u00a0\u00bbcenter\u00a0\u00bb][\/vc_column][vc_column width=\u00a0\u00bb1\/2&Prime;][mk_padding_divider size=\u00a0\u00bb250&Prime; visibility=\u00a0\u00bbhidden-sm\u00a0\u00bb][mk_fancy_title tag_name=\u00a0\u00bbh1&Prime; color=\u00a0\u00bb#d3334b\u00a0\u00bb size=\u00a0\u00bb30&Prime; force_font_size=\u00a0\u00bbtrue\u00a0\u00bb size_phone=\u00a0\u00bb25&Prime; font_weight=\u00a0\u00bb500&Prime; txt_transform=\u00a0\u00bbuppercase\u00a0\u00bb font_family=\u00a0\u00bbnone\u00a0\u00bb]\n<p style=\"text-align: center;\">\u2026AJOUTEZ DU ZESTE \u00c0 VOS R\u00c9UNIONS &amp; VOYAGES INCENTIVES<\/p>\n[\/mk_fancy_title][vc_column_text disable_pattern=\u00a0\u00bbfalse\u00a0\u00bb align=\u00a0\u00bbcenter\u00a0\u00bb margin_bottom=\u00a0\u00bb60&Prime; css=\u00a0\u00bb.vc_custom_1536679803530{margin-bottom: 60px !important;}\u00a0\u00bb]En termes de voyages incentives, les possibilit\u00e9s sont autant d\u2019appels \u00e0 l\u2019imagination. Les r\u00e9alisations pr\u00e9sent\u00e9es ici ne sont qu\u2019un aper\u00e7u de ce qui s\u2019offre \u00e0 vous. Vous avez votre id\u00e9e, nous avons votre voyage.[\/vc_column_text][\/vc_column][\/vc_row][vc_row][vc_column width=\u00a0\u00bb1\/2&Prime;][mk_padding_divider size=\u00a0\u00bb100&Prime;][mk_fancy_title tag_name=\u00a0\u00bbh1&Prime; color=\u00a0\u00bb#d3334b\u00a0\u00bb size=\u00a0\u00bb30&Prime; force_font_size=\u00a0\u00bbtrue\u00a0\u00bb size_phone=\u00a0\u00bb25&Prime; font_weight=\u00a0\u00bb500&Prime; txt_transform=\u00a0\u00bbuppercase\u00a0\u00bb font_family=\u00a0\u00bbnone\u00a0\u00bb]\n<p style=\"text-align: center;\">Restons en contact! Promis, nous n&rsquo;enverrons que le n\u00e9cessaire!<\/p>\n[\/mk_fancy_title][vc_wp_text]<!-- D\u00e9but du formulaire d'inscription Mailchimp --><\/p>\n<div id=\"mc_embed_signup\">\n<form id=\"mc-embedded-subscribe-form\" class=\"validate\" action=\"https:\/\/zesteincentive.us7.list-manage.com\/subscribe\/post?u=0a140f53f9d56165d1577b3d8&amp;id=2403837fb0\" method=\"post\" name=\"mc-embedded-subscribe-form\" novalidate=\"\" target=\"_blank\">\n<div id=\"mc_embed_signup_scroll\">\n<div class=\"indicates-required\" style=\"text-align: center;\"><span class=\"asterisk\">*<\/span> indique un champ requis<\/div>\n<div class=\"mc-field-group\" style=\"text-align: center;\"><label for=\"mce-EMAIL\">Adresse email <span class=\"asterisk\">*<\/span><\/label><br \/>\n<input id=\"mce-EMAIL\" class=\"required email\" name=\"EMAIL\" type=\"email\" value=\"\" \/><\/div>\n<div class=\"mc-field-group\" style=\"text-align: center;\"><label for=\"mce-FNAME\">Pr\u00e9nom <span class=\"asterisk\">*<\/span><\/label><br \/>\n<input id=\"mce-FNAME\" class=\"required\" name=\"FNAME\" type=\"text\" value=\"\" \/><\/div>\n<div class=\"mc-field-group\" style=\"text-align: center;\"><label for=\"mce-LNAME\">Nom <span class=\"asterisk\">*<\/span><\/label><br \/>\n<input id=\"mce-LNAME\" class=\"required\" name=\"LNAME\" type=\"text\" value=\"\" \/><\/div>\n<div class=\"mc-field-group\" style=\"text-align: center;\"><label for=\"mce-MMERGE6\">Soci\u00e9t\u00e9 <span class=\"asterisk\">*<\/span><\/label><br \/>\n<input id=\"mce-MMERGE6\" class=\"required\" name=\"MMERGE6\" type=\"text\" value=\"\" \/><\/div>\n<div class=\"mc-field-group\" style=\"text-align: center;\"><label for=\"mce-MMERGE8\">Langue <span class=\"asterisk\">*<\/span><\/label><br \/>\n<input id=\"mce-MMERGE8\" class=\"required\" name=\"MMERGE8\" type=\"text\" value=\"\" \/><\/div>\n<div id=\"mce-responses\" class=\"clear\">\n<div id=\"mce-error-response\" class=\"response\" style=\"display: none;\"><\/div>\n<div id=\"mce-success-response\" class=\"response\" style=\"display: none;\"><\/div>\n<\/div>\n<p><!-- Les vraies personnes ne devraient pas remplir ceci et s'attendre \u00e0 du bon - ne retirez pas cela ou risquez des inscriptions automatis\u00e9es par des bots --><\/p>\n<div style=\"position: absolute; left: -5000px;\" aria-hidden=\"true\"><input tabindex=\"-1\" name=\"b_0a140f53f9d56165d1577b3d8_2403837fb0\" type=\"text\" value=\"\" \/><\/div>\n<div class=\"clear\" style=\"text-align: center;\"><input id=\"mc-embedded-subscribe\" class=\"button\" name=\"subscribe\" type=\"submit\" value=\"S'abonner\" \/><\/div>\n<\/div>\n<\/form>\n<\/div>\n<p><!-- Fin du formulaire d'inscription Mailchimp -->[\/vc_wp_text][mk_padding_divider size=\u00a0\u00bb20&Prime;][mk_padding_divider size=\u00a0\u00bb20&Prime;][\/vc_column][vc_column width=\u00a0\u00bb1\/2&Prime;][mk_padding_divider size=\u00a0\u00bb100&Prime;][mk_image src=\u00a0\u00bbhttps:\/\/www.zesteincentive.com\/wp-content\/uploads\/2024\/03\/chienskate.png\u00a0\u00bb image_size=\u00a0\u00bbfull\u00a0\u00bb align=\u00a0\u00bbcenter\u00a0\u00bb][mk_fancy_title tag_name=\u00a0\u00bbh1&Prime; color=\u00a0\u00bb#d3334b\u00a0\u00bb size=\u00a0\u00bb30&Prime; force_font_size=\u00a0\u00bbtrue\u00a0\u00bb size_phone=\u00a0\u00bb25&Prime; font_weight=\u00a0\u00bb500&Prime; txt_transform=\u00a0\u00bbuppercase\u00a0\u00bb font_family=\u00a0\u00bbnone\u00a0\u00bb][\/mk_fancy_title][\/vc_column][\/vc_row][vc_row][vc_column][vc_row_inner][vc_column_inner width=\u00a0\u00bb1\/3&Prime; css=\u00a0\u00bb.vc_custom_1527884535092{padding-top: 15px !important;}\u00a0\u00bb][vc_column_text css=\u00a0\u00bb.vc_custom_1736971657104{margin-bottom: 0px !important;}\u00a0\u00bb]\n<h4>Si\u00e8ge social<\/h4>\n<p>680 Avenue Victoria, suite 24<br \/>\nSaint-Lambert (Qu\u00e9bec) Canada<br \/>\nJ4P 3S1<\/p>\n<p>T\u00e9l\u00e9phone: (+1) 514 904 2323<br \/>\n<a href=\"mailto:info@zesteincentive.com\">info@zesteincentive.com<\/a>[\/vc_column_text][\/vc_column_inner][vc_column_inner width=\u00a0\u00bb2\/3&Prime;][mk_fancy_title tag_name=\u00a0\u00bbh1&Prime; color=\u00a0\u00bb#d3334b\u00a0\u00bb size=\u00a0\u00bb30&Prime; force_font_size=\u00a0\u00bbtrue\u00a0\u00bb size_phone=\u00a0\u00bb25&Prime; font_weight=\u00a0\u00bb500&Prime; txt_transform=\u00a0\u00bbuppercase\u00a0\u00bb font_family=\u00a0\u00bbnone\u00a0\u00bb]\n<p style=\"text-align: center;\">Questions? Contactez-nous!<\/p>\n[\/mk_fancy_title]\n<div class=\"wpcf7 no-js\" id=\"wpcf7-f1443-o1\" lang=\"fr-FR\" dir=\"ltr\" data-wpcf7-id=\"1443\">\n<div class=\"screen-reader-response\"><p role=\"status\" aria-live=\"polite\" aria-atomic=\"true\"><\/p> <ul><\/ul><\/div>\n<form action=\"\/fr\/wp-json\/wp\/v2\/pages\/1422#wpcf7-f1443-o1\" method=\"post\" class=\"wpcf7-form init\" aria-label=\"Formulaire de contact\" novalidate=\"novalidate\" data-status=\"init\">\n<fieldset class=\"hidden-fields-container\"><input type=\"hidden\" name=\"_wpcf7\" value=\"1443\" \/><input type=\"hidden\" name=\"_wpcf7_version\" value=\"6.1.5\" \/><input type=\"hidden\" name=\"_wpcf7_locale\" value=\"fr_FR\" \/><input type=\"hidden\" name=\"_wpcf7_unit_tag\" value=\"wpcf7-f1443-o1\" \/><input type=\"hidden\" name=\"_wpcf7_container_post\" value=\"0\" \/><input type=\"hidden\" name=\"_wpcf7_posted_data_hash\" value=\"\" \/>\n<\/fieldset>\n<div class=\"mk-contact-form-wrapper s_contact outline-style s_outline contact-dark dark \">\n\t<div class=\"mk-form-row half\">\n\t\t<p><span class=\"wpcf7-form-control-wrap\" data-name=\"your-name\"><input size=\"40\" maxlength=\"400\" class=\"wpcf7-form-control wpcf7-text wpcf7-validates-as-required text-input s_txt-input\" aria-required=\"true\" aria-invalid=\"false\" placeholder=\"Pr\u00e9nom*\" value=\"\" type=\"text\" name=\"your-name\" \/><\/span>\n\t\t<\/p>\n\t<\/div>\n\t<div class=\"mk-form-row half\">\n\t\t<p><span class=\"wpcf7-form-control-wrap\" data-name=\"your-lastname\"><input size=\"40\" maxlength=\"400\" class=\"wpcf7-form-control wpcf7-text wpcf7-validates-as-required text-input s_txt-input\" aria-required=\"true\" aria-invalid=\"false\" placeholder=\"Nom de famille*\" value=\"\" type=\"text\" name=\"your-lastname\" \/><\/span>\n\t\t<\/p>\n\t<\/div>\n\t<div class=\"mk-form-row half\">\n\t\t<p><span class=\"wpcf7-form-control-wrap\" data-name=\"your-email\"><input size=\"40\" maxlength=\"400\" class=\"wpcf7-form-control wpcf7-email wpcf7-validates-as-required wpcf7-text wpcf7-validates-as-email text-input s_txt-input\" aria-required=\"true\" aria-invalid=\"false\" placeholder=\"Courriel*\" value=\"\" type=\"email\" name=\"your-email\" \/><\/span>\n\t\t<\/p>\n\t<\/div>\n\t<div class=\"mk-form-row half\">\n\t\t<p><span class=\"wpcf7-form-control-wrap\" data-name=\"your-company\"><input size=\"40\" maxlength=\"400\" class=\"wpcf7-form-control wpcf7-text text-input s_txt-input\" aria-invalid=\"false\" placeholder=\"Nom de compagnie\" value=\"\" type=\"text\" name=\"your-company\" \/><\/span>\n\t\t<\/p>\n\t<\/div>\n\t<div class=\"mk-form-row\">\n\t\t<p><span class=\"wpcf7-form-control-wrap\" data-name=\"your-message\"><textarea cols=\"40\" rows=\"10\" maxlength=\"2000\" class=\"wpcf7-form-control wpcf7-textarea wpcf7-validates-as-required mk-textarea s_txt-input\" aria-required=\"true\" aria-invalid=\"false\" placeholder=\"Message\" name=\"your-message\"><\/textarea><\/span>\n\t\t<\/p>\n\t<\/div>\n\t<div class=\"mk-form-row\" style=\"float:left;\">\n\t\t<p><button class=\"mk-progress-button contact-outline-submit outline-btn-dark\" data-style=\"move-up\" tabindex=\"118\"><span class=\"mk-progress-button-content\">ENVOYER<\/span> <span class=\"mk-progress\"><span class=\"mk-progress-inner\"><\/span><\/span> <span class=\"state-success\"><svg class=\"mk-svg-icon\" data-cacheid=\"icon-58921b803b856\" data-name=\"mk-moon-checkmark\" style=\" height:16px; width: 16px;\" viewbox=\"0 0 512 512\" xmlns=\"http:\/\/www.w3.org\/2000\/svg\">\n\t<path d=\"M432 64l-240 240-112-112-80 80 192 192 320-320z\"><\/path><\/svg><\/span> <span class=\"state-error\"><svg class=\"mk-svg-icon\" data-cacheid=\"icon-58921b803be69\" data-name=\"mk-moon-close\" style=\" height:16px; width: 16px;\" viewbox=\"0 0 512 512\" xmlns=\"http:\/\/www.w3.org\/2000\/svg\">\n\t<path d=\"M507.331 411.33l-.006-.005-155.322-155.325 155.322-155.325.006-.005c1.672-1.673 2.881-3.627 3.656-5.708 2.123-5.688.912-12.341-3.662-16.915l-73.373-73.373c-4.574-4.573-11.225-5.783-16.914-3.66-2.08.775-4.035 1.984-5.709 3.655l-.004.005-155.324 155.326-155.324-155.325-.005-.005c-1.673-1.671-3.627-2.88-5.707-3.655-5.69-2.124-12.341-.913-16.915 3.66l-73.374 73.374c-4.574 4.574-5.784 11.226-3.661 16.914.776 2.08 1.985 4.036 3.656 5.708l.005.005 155.325 155.324-155.325 155.326-.004.005c-1.671 1.673-2.88 3.627-3.657 5.707-2.124 5.688-.913 12.341 3.661 16.915l73.374 73.373c4.575 4.574 11.226 5.784 16.915 3.661 2.08-.776 4.035-1.985 5.708-3.656l.005-.005 155.324-155.325 155.324 155.325.006.004c1.674 1.672 3.627 2.881 5.707 3.657 5.689 2.123 12.342.913 16.914-3.661l73.373-73.374c4.574-4.574 5.785-11.227 3.662-16.915-.776-2.08-1.985-4.034-3.657-5.707z\"><\/path><\/svg><\/span><\/button>\n\t\t<\/p>\n\t<\/div>\n\t<div class=\"contact-form-message clearfix\">\n\t<\/div>\n<\/div><div class=\"wpcf7-response-output\" aria-hidden=\"true\"><\/div>\n<\/form>\n<\/div>\n[\/vc_column_inner][\/vc_row_inner][\/vc_column][\/vc_row]\n","protected":false},"excerpt":{"rendered":"<p>[vc_row][vc_column][mk_padding_divider size=\u00a0\u00bb100&Prime; visibility=\u00a0\u00bbhidden-sm\u00a0\u00bb][\/vc_column][\/vc_row][vc_row][vc_column width=\u00a0\u00bb1\/2&Prime;][mk_image src=\u00a0\u00bbhttps:\/\/www.zesteincentive.com\/wp-content\/uploads\/2024\/03\/dreamofzeste.png\u00a0\u00bb image_size=\u00a0\u00bbfull\u00a0\u00bb align=\u00a0\u00bbcenter\u00a0\u00bb][\/vc_column][vc_column width=\u00a0\u00bb1\/2&Prime;][mk_padding_divider size=\u00a0\u00bb250&Prime; visibility=\u00a0\u00bbhidden-sm\u00a0\u00bb][mk_fancy_title tag_name=\u00a0\u00bbh1&Prime; color=\u00a0\u00bb#d3334b\u00a0\u00bb size=\u00a0\u00bb30&Prime; force_font_size=\u00a0\u00bbtrue\u00a0\u00bb size_phone=\u00a0\u00bb25&Prime; font_weight=\u00a0\u00bb500&Prime; txt_transform=\u00a0\u00bbuppercase\u00a0\u00bb font_family=\u00a0\u00bbnone\u00a0\u00bb] \u2026AJOUTEZ DU ZESTE \u00c0 VOS R\u00c9UNIONS &amp; VOYAGES INCENTIVES [\/mk_fancy_title][vc_column_text disable_pattern=\u00a0\u00bbfalse\u00a0\u00bb align=\u00a0\u00bbcenter\u00a0\u00bb margin_bottom=\u00a0\u00bb60&Prime; css=\u00a0\u00bb.vc_custom_1536679803530{margin-bottom: 60px !important;}\u00a0\u00bb]En termes de voyages incentives, les possibilit\u00e9s sont autant d\u2019appels \u00e0 l\u2019imagination. Les r\u00e9alisations pr\u00e9sent\u00e9es ici ne sont qu\u2019un aper\u00e7u de ce [&hellip;]<\/p>\n","protected":false},"author":1,"featured_media":0,"parent":0,"menu_order":9999,"comment_status":"closed","ping_status":"closed","template":"","meta":{"_monsterinsights_skip_tracking":false,"_monsterinsights_sitenote_active":false,"_monsterinsights_sitenote_note":"","_monsterinsights_sitenote_category":0,"footnotes":""},"class_list":["post-1422","page","type-page","status-publish","hentry"],"aioseo_notices":[],"_links":{"self":[{"href":"https:\/\/www.zesteincentive.com\/fr\/wp-json\/wp\/v2\/pages\/1422","targetHints":{"allow":["GET"]}}],"collection":[{"href":"https:\/\/www.zesteincentive.com\/fr\/wp-json\/wp\/v2\/pages"}],"about":[{"href":"https:\/\/www.zesteincentive.com\/fr\/wp-json\/wp\/v2\/types\/page"}],"author":[{"embeddable":true,"href":"https:\/\/www.zesteincentive.com\/fr\/wp-json\/wp\/v2\/users\/1"}],"replies":[{"embeddable":true,"href":"https:\/\/www.zesteincentive.com\/fr\/wp-json\/wp\/v2\/comments?post=1422"}],"version-history":[{"count":1,"href":"https:\/\/www.zesteincentive.com\/fr\/wp-json\/wp\/v2\/pages\/1422\/revisions"}],"predecessor-version":[{"id":26792,"href":"https:\/\/www.zesteincentive.com\/fr\/wp-json\/wp\/v2\/pages\/1422\/revisions\/26792"}],"wp:attachment":[{"href":"https:\/\/www.zesteincentive.com\/fr\/wp-json\/wp\/v2\/media?parent=1422"}],"curies":[{"name":"wp","href":"https:\/\/api.w.org\/{rel}","templated":true}]}}