{"id":1423,"date":"2018-03-15T14:56:17","date_gmt":"2018-03-15T19:56:17","guid":{"rendered":"https:\/\/www.zesteincentive.com\/international\/"},"modified":"2018-08-29T12:57:10","modified_gmt":"2018-08-29T17:57:10","slug":"international","status":"publish","type":"page","link":"https:\/\/www.zesteincentive.com\/fr\/international\/","title":{"rendered":"International"},"content":{"rendered":"[mk_page_section bg_image=\u00a0\u00bbhttps:\/\/www.zesteincentive.com\/wp-content\/uploads\/2018\/07\/hero-international2.jpg\u00a0\u00bb bg_position=\u00a0\u00bbcenter bottom\u00a0\u00bb bg_stretch=\u00a0\u00bbtrue\u00a0\u00bb video_color_mask=\u00a0\u00bb#000000&Prime; video_opacity=\u00a0\u00bb0.2&Prime; min_height=\u00a0\u00bb500&Prime; padding_top=\u00a0\u00bb200&Prime; padding_bottom=\u00a0\u00bb200&Prime; sidebar=\u00a0\u00bbsidebar-1&Prime;][vc_column][mk_padding_divider][mk_padding_divider size=\u00a0\u00bb80&Prime; visibility=\u00a0\u00bbhidden-sm\u00a0\u00bb][mk_fancy_title tag_name=\u00a0\u00bbh1&Prime; color=\u00a0\u00bb#ffffff\u00a0\u00bb size=\u00a0\u00bb46&Prime; force_font_size=\u00a0\u00bbtrue\u00a0\u00bb size_phone=\u00a0\u00bb25&Prime; font_weight=\u00a0\u00bb500&Prime; txt_transform=\u00a0\u00bbuppercase\u00a0\u00bb font_family=\u00a0\u00bbnone\u00a0\u00bb align=\u00a0\u00bbcenter\u00a0\u00bb el_class=\u00a0\u00bbno-margin no-padding\u00a0\u00bb]INTERNATIONAL :<br \/>\nNOS EXP\u00c9RIENCES PR\u00c9F\u00c9R\u00c9ES[\/mk_fancy_title][\/vc_column][\/mk_page_section][vc_row id=\u00a0\u00bbdebut\u00a0\u00bb][vc_column][mk_padding_divider size=\u00a0\u00bb75&Prime;][\/vc_column][\/vc_row][vc_row id=\u00a0\u00bbdebut\u00a0\u00bb el_class=\u00a0\u00bbdestinations-list\u00a0\u00bb][vc_column][vc_row_inner][vc_column_inner width=\u00a0\u00bb1\/3&Prime;][vc_single_image image=\u00a0\u00bb964&Prime; img_size=\u00a0\u00bb600&#215;400&Prime; alignment=\u00a0\u00bbcenter\u00a0\u00bb el_class=\u00a0\u00bbimg-hero\u00a0\u00bb css=\u00a0\u00bb.vc_custom_1531847189368{margin-bottom: 0px !important;padding-bottom: 0px !important;}\u00a0\u00bb][vc_column_text css=\u00a0\u00bb.vc_custom_1535565296438{margin-bottom: 0px !important;}\u00a0\u00bb]\n<h1 style=\"text-align: center;\">Costa Rica<\/h1>\n<p>Sillonnez la for\u00eat pluviale sur des ponts suspendus \u2013 et par tyrolienne, pour un autre point de vue.[\/vc_column_text][\/vc_column_inner][vc_column_inner width=\u00a0\u00bb1\/3&Prime;][vc_single_image image=\u00a0\u00bb1039&Prime; img_size=\u00a0\u00bb600&#215;400&Prime; alignment=\u00a0\u00bbcenter\u00a0\u00bb el_class=\u00a0\u00bbimg-hero\u00a0\u00bb css=\u00a0\u00bb.vc_custom_1532565440824{margin-bottom: 0px !important;padding-bottom: 0px !important;}\u00a0\u00bb][vc_column_text css=\u00a0\u00bb.vc_custom_1535565336923{margin-bottom: 0px !important;}\u00a0\u00bb]\n<h1 style=\"text-align: center;\">Mexique<\/h1>\n<p>Faites de la plong\u00e9e avec des otaries et explorez les plages vierges de l\u2019\u00eele Espiritu Santo, reconnue par l\u2019UNESCO.[\/vc_column_text][\/vc_column_inner][vc_column_inner width=\u00a0\u00bb1\/3&Prime;][vc_single_image image=\u00a0\u00bb966&Prime; img_size=\u00a0\u00bb600&#215;400&Prime; alignment=\u00a0\u00bbcenter\u00a0\u00bb el_class=\u00a0\u00bbimg-hero\u00a0\u00bb css=\u00a0\u00bb.vc_custom_1531847263205{margin-bottom: 0px !important;padding-bottom: 0px !important;}\u00a0\u00bb][vc_column_text css=\u00a0\u00bb.vc_custom_1535565318328{margin-bottom: 0px !important;}\u00a0\u00bb]\n<h1 style=\"text-align: center;\">Argentine<\/h1>\n<p>Apprenez \u00e0 jouer au polo avec de vrais gauchos en compagnie de vos meilleurs collaborateurs dans une estancia \u00e0 la campagne.[\/vc_column_text][\/vc_column_inner][\/vc_row_inner][mk_padding_divider size=\u00a0\u00bb30&Prime;][vc_row_inner][vc_column_inner width=\u00a0\u00bb1\/3&Prime;][vc_single_image image=\u00a0\u00bb1040&Prime; img_size=\u00a0\u00bb600&#215;400&Prime; alignment=\u00a0\u00bbcenter\u00a0\u00bb el_class=\u00a0\u00bbimg-hero\u00a0\u00bb css=\u00a0\u00bb.vc_custom_1532565555678{margin-bottom: 0px !important;padding-bottom: 0px !important;}\u00a0\u00bb][vc_column_text css=\u00a0\u00bb.vc_custom_1535565350660{margin-bottom: 0px !important;}\u00a0\u00bb]\n<h1 style=\"text-align: center;\">Maroc<\/h1>\n<p>Sirotez un th\u00e9 \u00e0 la menthe en d\u00e9couvrant l\u2019historique A\u00eft Ben-Haddou, d\u00e9cor r\u00e9el des films \u00ab Gladiateur \u00bb et \u00ab Lawrence d\u2019Arabie \u00bb.[\/vc_column_text][\/vc_column_inner][vc_column_inner width=\u00a0\u00bb1\/3&Prime;][vc_single_image image=\u00a0\u00bb1021&Prime; img_size=\u00a0\u00bb600&#215;400&Prime; alignment=\u00a0\u00bbcenter\u00a0\u00bb el_class=\u00a0\u00bbimg-hero\u00a0\u00bb css=\u00a0\u00bb.vc_custom_1532015618589{margin-bottom: 0px !important;padding-bottom: 0px !important;}\u00a0\u00bb][vc_column_text css=\u00a0\u00bb.vc_custom_1535565363104{margin-bottom: 0px !important;}\u00a0\u00bb]\n<h1 style=\"text-align: center;\">Afrique du Sud<\/h1>\n<p>Un \u00e9l\u00e9phant trottinant tranquillement devant votre chalet en route vers un point d\u2019eau en pleine savane : vous ne r\u00eavez pas![\/vc_column_text][\/vc_column_inner][vc_column_inner width=\u00a0\u00bb1\/3&Prime;][vc_single_image image=\u00a0\u00bb1041&Prime; img_size=\u00a0\u00bb600&#215;400&Prime; alignment=\u00a0\u00bbcenter\u00a0\u00bb el_class=\u00a0\u00bbimg-hero\u00a0\u00bb css=\u00a0\u00bb.vc_custom_1532565630722{margin-bottom: 0px !important;padding-bottom: 0px !important;}\u00a0\u00bb][vc_column_text css=\u00a0\u00bb.vc_custom_1535565378012{margin-bottom: 0px !important;}\u00a0\u00bb]\n<h1 style=\"text-align: center;\">Italie<\/h1>\n<p>Vous et vos collaborateurs au volant de Ferrari \u00e0 travers la campagne romaine en route vers une somptueuse villa pour une soir\u00e9e priv\u00e9e \u2026 La Dolce Vita![\/vc_column_text][\/vc_column_inner][\/vc_row_inner][mk_padding_divider size=\u00a0\u00bb30&Prime;][vc_row_inner][vc_column_inner width=\u00a0\u00bb1\/3&Prime;][vc_single_image image=\u00a0\u00bb1042&Prime; img_size=\u00a0\u00bb600&#215;400&Prime; alignment=\u00a0\u00bbcenter\u00a0\u00bb el_class=\u00a0\u00bbimg-hero\u00a0\u00bb css=\u00a0\u00bb.vc_custom_1532565746091{margin-bottom: 0px !important;padding-bottom: 0px !important;}\u00a0\u00bb][vc_column_text css=\u00a0\u00bb.vc_custom_1535565391654{margin-bottom: 0px !important;}\u00a0\u00bb]\n<h1 style=\"text-align: center;\">Irlande<\/h1>\n<p>Jeux m\u00e9di\u00e9vaux et fauconnerie : immergez-vous dans l\u2019ambiance d\u2019une autre \u00e9poque et continuez la f\u00eate dans un ch\u00e2teau majestueux.[\/vc_column_text][\/vc_column_inner][vc_column_inner width=\u00a0\u00bb1\/3&Prime;][vc_single_image image=\u00a0\u00bb971&Prime; img_size=\u00a0\u00bb600&#215;400&Prime; alignment=\u00a0\u00bbcenter\u00a0\u00bb el_class=\u00a0\u00bbimg-hero\u00a0\u00bb css=\u00a0\u00bb.vc_custom_1532015458554{margin-bottom: 0px !important;padding-bottom: 0px !important;}\u00a0\u00bb][vc_column_text css=\u00a0\u00bb.vc_custom_1535565405299{margin-bottom: 0px !important;}\u00a0\u00bb]\n<h1 style=\"text-align: center;\">R\u00e9publique Tch\u00e8que<\/h1>\n<p>Mettez-vous \u00e0 l\u2019\u00e9preuve pendant une chasse au tr\u00e9sor \u00e0 travers Prague, ponctu\u00e9e de rencontres de personnages historiques tch\u00e8ques.[\/vc_column_text][\/vc_column_inner][vc_column_inner width=\u00a0\u00bb1\/3&Prime;][vc_single_image image=\u00a0\u00bb1130&Prime; img_size=\u00a0\u00bb600&#215;400&Prime; alignment=\u00a0\u00bbcenter\u00a0\u00bb el_class=\u00a0\u00bbimg-hero\u00a0\u00bb css=\u00a0\u00bb.vc_custom_1533743875577{margin-bottom: 0px !important;padding-bottom: 0px !important;}\u00a0\u00bb][vc_column_text css=\u00a0\u00bb.vc_custom_1535565426095{margin-bottom: 0px !important;}\u00a0\u00bb]\n<h1 style=\"text-align: center;\">Portugal<\/h1>\n<p>Voguez sur le pittoresque fleuve Douro et d\u00e9couvrez les meilleures caves \u00e0 vins de Porto, elle-m\u00eame un joyau historique \u00e0 ne pas manquer.[\/vc_column_text][\/vc_column_inner][\/vc_row_inner][\/vc_column][\/vc_row][vc_row][vc_column][mk_padding_divider size=\u00a0\u00bb100&Prime;][\/vc_column][\/vc_row][vc_row][vc_column][vc_column_text css=\u00a0\u00bb.vc_custom_1535426971722{margin-bottom: 0px !important;}\u00a0\u00bb]<p>[mk_page_section bg_image=\"https:\/\/www.zesteincentive.com\/wp-content\/uploads\/2018\/08\/features-bg-06x.jpg\" bg_color=\"#000000\" bg_repeat=\"no-repeat\" bg_stretch=\"true\" video_opacity=\"0.5\" min_height=\"\" js_vertical_centered=\"true\" padding_top=\"30\" padding_bottom=\"30\" sidebar=\"sidebar-1\"][vc_column width=\"1\/3\"][mk_padding_divider size=\"20\" visibility=\"hidden-tl\"][mk_padding_divider size=\"30\"][mk_fancy_title tag_name=\"h4\" color=\"#ffffff\" size=\"25\" txt_transform=\"none\" margin_bottom=\"0\" font_family=\"none\" align=\"right\"]Demande de <span style=\"color: #333333;\"><strong>soumission<\/strong><\/span>...[\/mk_fancy_title][\/vc_column][vc_column width=\"1\/3\"][mk_moving_image src=\"https:\/\/www.zesteincentive.com\/wp-content\/uploads\/2018\/03\/features-icon.png\" axis=\"pulse\" align=\"center\" link=\"\/fr\/contact\/\"][\/vc_column][vc_column width=\"1\/3\"][mk_padding_divider size=\"20\" visibility=\"hidden-tl\"][mk_padding_divider size=\"30\"][mk_fancy_title tag_name=\"h4\" color=\"#ffffff\" size=\"25\" txt_transform=\"none\" margin_bottom=\"0\" font_family=\"none\"]R\u00e9ponse <span style=\"color: #333333;\"><strong>rapide!<\/strong><\/span>[\/mk_fancy_title][\/vc_column][\/mk_page_section]<\/p>\n[\/vc_column_text][\/vc_column][\/vc_row]\n","protected":false},"excerpt":{"rendered":"<p>[mk_page_section bg_image=\u00a0\u00bbhttps:\/\/www.zesteincentive.com\/wp-content\/uploads\/2018\/07\/hero-international2.jpg\u00a0\u00bb bg_position=\u00a0\u00bbcenter bottom\u00a0\u00bb bg_stretch=\u00a0\u00bbtrue\u00a0\u00bb video_color_mask=\u00a0\u00bb#000000&Prime; video_opacity=\u00a0\u00bb0.2&Prime; min_height=\u00a0\u00bb500&Prime; padding_top=\u00a0\u00bb200&Prime; padding_bottom=\u00a0\u00bb200&Prime; sidebar=\u00a0\u00bbsidebar-1&Prime;][vc_column][mk_padding_divider][mk_padding_divider size=\u00a0\u00bb80&Prime; visibility=\u00a0\u00bbhidden-sm\u00a0\u00bb][mk_fancy_title tag_name=\u00a0\u00bbh1&Prime; color=\u00a0\u00bb#ffffff\u00a0\u00bb size=\u00a0\u00bb46&Prime; force_font_size=\u00a0\u00bbtrue\u00a0\u00bb size_phone=\u00a0\u00bb25&Prime; font_weight=\u00a0\u00bb500&Prime; txt_transform=\u00a0\u00bbuppercase\u00a0\u00bb font_family=\u00a0\u00bbnone\u00a0\u00bb align=\u00a0\u00bbcenter\u00a0\u00bb el_class=\u00a0\u00bbno-margin no-padding\u00a0\u00bb]INTERNATIONAL : NOS EXP\u00c9RIENCES PR\u00c9F\u00c9R\u00c9ES[\/mk_fancy_title][\/vc_column][\/mk_page_section][vc_row id=\u00a0\u00bbdebut\u00a0\u00bb][vc_column][mk_padding_divider size=\u00a0\u00bb75&Prime;][\/vc_column][\/vc_row][vc_row id=\u00a0\u00bbdebut\u00a0\u00bb el_class=\u00a0\u00bbdestinations-list\u00a0\u00bb][vc_column][vc_row_inner][vc_column_inner width=\u00a0\u00bb1\/3&Prime;][vc_single_image image=\u00a0\u00bb964&Prime; img_size=\u00a0\u00bb600&#215;400&Prime; alignment=\u00a0\u00bbcenter\u00a0\u00bb el_class=\u00a0\u00bbimg-hero\u00a0\u00bb css=\u00a0\u00bb.vc_custom_1531847189368{margin-bottom: 0px !important;padding-bottom: 0px !important;}\u00a0\u00bb][vc_column_text css=\u00a0\u00bb.vc_custom_1535565296438{margin-bottom: 0px !important;}\u00a0\u00bb] Costa Rica Sillonnez la for\u00eat pluviale sur des ponts suspendus [&hellip;]<\/p>\n","protected":false},"author":1,"featured_media":0,"parent":0,"menu_order":-500,"comment_status":"closed","ping_status":"closed","template":"","meta":{"_monsterinsights_skip_tracking":false,"_monsterinsights_sitenote_active":false,"_monsterinsights_sitenote_note":"","_monsterinsights_sitenote_category":0,"footnotes":""},"class_list":["post-1423","page","type-page","status-publish","hentry"],"aioseo_notices":[],"_links":{"self":[{"href":"https:\/\/www.zesteincentive.com\/fr\/wp-json\/wp\/v2\/pages\/1423","targetHints":{"allow":["GET"]}}],"collection":[{"href":"https:\/\/www.zesteincentive.com\/fr\/wp-json\/wp\/v2\/pages"}],"about":[{"href":"https:\/\/www.zesteincentive.com\/fr\/wp-json\/wp\/v2\/types\/page"}],"author":[{"embeddable":true,"href":"https:\/\/www.zesteincentive.com\/fr\/wp-json\/wp\/v2\/users\/1"}],"replies":[{"embeddable":true,"href":"https:\/\/www.zesteincentive.com\/fr\/wp-json\/wp\/v2\/comments?post=1423"}],"version-history":[{"count":0,"href":"https:\/\/www.zesteincentive.com\/fr\/wp-json\/wp\/v2\/pages\/1423\/revisions"}],"wp:attachment":[{"href":"https:\/\/www.zesteincentive.com\/fr\/wp-json\/wp\/v2\/media?parent=1423"}],"curies":[{"name":"wp","href":"https:\/\/api.w.org\/{rel}","templated":true}]}}