{"id":1426,"date":"2018-03-08T17:46:20","date_gmt":"2018-03-08T22:46:20","guid":{"rendered":"https:\/\/www.zesteincentive.com\/usa\/"},"modified":"2018-09-11T10:41:57","modified_gmt":"2018-09-11T15:41:57","slug":"etats-unis","status":"publish","type":"page","link":"https:\/\/www.zesteincentive.com\/fr\/etats-unis\/","title":{"rendered":"\u00c9tats-Unis"},"content":{"rendered":"[mk_page_section bg_image=\u00a0\u00bbhttps:\/\/www.zesteincentive.com\/wp-content\/uploads\/2018\/07\/hero-usa2.jpg\u00a0\u00bb bg_position=\u00a0\u00bbcenter bottom\u00a0\u00bb bg_stretch=\u00a0\u00bbtrue\u00a0\u00bb video_color_mask=\u00a0\u00bb#000000&Prime; video_opacity=\u00a0\u00bb0.2&Prime; min_height=\u00a0\u00bb500&Prime; padding_top=\u00a0\u00bb200&Prime; padding_bottom=\u00a0\u00bb200&Prime; sidebar=\u00a0\u00bbsidebar-1&Prime;][vc_column][mk_padding_divider][mk_padding_divider size=\u00a0\u00bb80&Prime; visibility=\u00a0\u00bbhidden-sm\u00a0\u00bb][mk_fancy_title tag_name=\u00a0\u00bbh1&Prime; color=\u00a0\u00bb#ffffff\u00a0\u00bb size=\u00a0\u00bb50&Prime; force_font_size=\u00a0\u00bbtrue\u00a0\u00bb size_phone=\u00a0\u00bb25&Prime; font_weight=\u00a0\u00bb500&Prime; txt_transform=\u00a0\u00bbuppercase\u00a0\u00bb font_family=\u00a0\u00bbnone\u00a0\u00bb align=\u00a0\u00bbcenter\u00a0\u00bb el_class=\u00a0\u00bbno-margin no-padding\u00a0\u00bb]\u00c9TATS-UNIS :<br \/>\nNOS EXP\u00c9RIENCES PR\u00c9F\u00c9R\u00c9ES[\/mk_fancy_title][\/vc_column][\/mk_page_section][vc_row id=\u00a0\u00bbdebut\u00a0\u00bb][vc_column][mk_padding_divider size=\u00a0\u00bb75&Prime;][\/vc_column][\/vc_row][vc_row id=\u00a0\u00bbdebut\u00a0\u00bb el_class=\u00a0\u00bbdestinations-list\u00a0\u00bb][vc_column][vc_row_inner][vc_column_inner width=\u00a0\u00bb1\/3&Prime;][vc_single_image image=\u00a0\u00bb954&Prime; img_size=\u00a0\u00bb600&#215;400&Prime; alignment=\u00a0\u00bbcenter\u00a0\u00bb el_class=\u00a0\u00bbimg-hero\u00a0\u00bb css=\u00a0\u00bb.vc_custom_1531845740347{margin-bottom: 0px !important;padding-bottom: 0px !important;}\u00a0\u00bb][vc_column_text css=\u00a0\u00bb.vc_custom_1536680173060{margin-bottom: 0px !important;}\u00a0\u00bb]\n<h1 style=\"text-align: center;\">New-York<\/h1>\n<p>D\u00e9gustez des vins locaux attabl\u00e9s<br \/>\n\u00e0 un d\u00eener priv\u00e9 dans un vignoble<br \/>\nperch\u00e9 sur un rooftop en plein<br \/>\nmilieu de la ville.[\/vc_column_text][\/vc_column_inner][vc_column_inner width=\u00a0\u00bb1\/3&Prime;][vc_single_image image=\u00a0\u00bb1046&Prime; img_size=\u00a0\u00bb600&#215;400&Prime; alignment=\u00a0\u00bbcenter\u00a0\u00bb el_class=\u00a0\u00bbimg-hero\u00a0\u00bb css=\u00a0\u00bb.vc_custom_1532566232652{margin-bottom: 0px !important;padding-bottom: 0px !important;}\u00a0\u00bb][vc_column_text css=\u00a0\u00bb.vc_custom_1535565154737{margin-bottom: 0px !important;}\u00a0\u00bb]\n<h1 style=\"text-align: center;\">Las Vegas<\/h1>\n<p>Enregistrez votre propre version d\u2019une chanson pr\u00e9f\u00e9r\u00e9e au m\u00eame studio o\u00f9 C\u00e9line et Rihanna ont laiss\u00e9 leur marque.[\/vc_column_text][\/vc_column_inner][vc_column_inner width=\u00a0\u00bb1\/3&Prime;][vc_single_image image=\u00a0\u00bb956&Prime; img_size=\u00a0\u00bb600&#215;400&Prime; alignment=\u00a0\u00bbcenter\u00a0\u00bb el_class=\u00a0\u00bbimg-hero\u00a0\u00bb css=\u00a0\u00bb.vc_custom_1531846133142{margin-bottom: 0px !important;padding-bottom: 0px !important;}\u00a0\u00bb][vc_column_text css=\u00a0\u00bb.vc_custom_1535565163381{margin-bottom: 0px !important;}\u00a0\u00bb]\n<h1 style=\"text-align: center;\">Miami<\/h1>\n<p>Retrouvez votre spiritualit\u00e9 pendant une s\u00e9ance de yoga dans un stationnement \u00e0 aire ouverte avec vues imprenables de la ville.[\/vc_column_text][\/vc_column_inner][\/vc_row_inner][mk_padding_divider size=\u00a0\u00bb30&Prime;][vc_row_inner][vc_column_inner width=\u00a0\u00bb1\/3&Prime;][vc_single_image image=\u00a0\u00bb1047&Prime; img_size=\u00a0\u00bb600&#215;400&Prime; alignment=\u00a0\u00bbcenter\u00a0\u00bb el_class=\u00a0\u00bbimg-hero\u00a0\u00bb css=\u00a0\u00bb.vc_custom_1532566261258{margin-bottom: 0px !important;padding-bottom: 0px !important;}\u00a0\u00bb][vc_column_text css=\u00a0\u00bb.vc_custom_1535565202962{margin-bottom: 0px !important;}\u00a0\u00bb]\n<h1 style=\"text-align: center;\">Los Angeles<\/h1>\n<p>Animez votre propre soir\u00e9e cin\u00e9ma dans l\u2019enceinte historique des c\u00e9l\u00e8bres studios de Paramount Pictures.[\/vc_column_text][\/vc_column_inner][vc_column_inner width=\u00a0\u00bb1\/3&Prime;][vc_single_image image=\u00a0\u00bb1048&Prime; img_size=\u00a0\u00bb600&#215;400&Prime; alignment=\u00a0\u00bbcenter\u00a0\u00bb el_class=\u00a0\u00bbimg-hero\u00a0\u00bb css=\u00a0\u00bb.vc_custom_1532566290375{margin-bottom: 0px !important;padding-bottom: 0px !important;}\u00a0\u00bb][vc_column_text css=\u00a0\u00bb.vc_custom_1535565186055{margin-bottom: 0px !important;}\u00a0\u00bb]\n<h1 style=\"text-align: center;\">San Francisco<\/h1>\n<p>Encouragez les Giants, l\u2019\u00e9quipe locale de baseball, au AT&amp;T Park, un stade o\u00f9 l\u2019on mange bien en admirant la vue sur le Pacifique.[\/vc_column_text][\/vc_column_inner][vc_column_inner width=\u00a0\u00bb1\/3&Prime;][vc_single_image image=\u00a0\u00bb1049&Prime; img_size=\u00a0\u00bb600&#215;400&Prime; alignment=\u00a0\u00bbcenter\u00a0\u00bb el_class=\u00a0\u00bbimg-hero\u00a0\u00bb css=\u00a0\u00bb.vc_custom_1532566312613{margin-bottom: 0px !important;padding-bottom: 0px !important;}\u00a0\u00bb][vc_column_text css=\u00a0\u00bb.vc_custom_1535565215987{margin-bottom: 0px !important;}\u00a0\u00bb]\n<h1 style=\"text-align: center;\">Ouest Am\u00e9ricain<\/h1>\n<p>Survolez en montgolfi\u00e8re des paysages hors du temps, avec toast au Champagne \u00e0 l\u2019atterrissage.[\/vc_column_text][\/vc_column_inner][\/vc_row_inner][\/vc_column][\/vc_row][vc_row][vc_column][mk_padding_divider size=\u00a0\u00bb100&Prime;][\/vc_column][\/vc_row][vc_row][vc_column][vc_column_text css=\u00a0\u00bb.vc_custom_1535426919093{margin-bottom: 0px !important;}\u00a0\u00bb]<p>[mk_page_section bg_image=\"https:\/\/www.zesteincentive.com\/wp-content\/uploads\/2018\/08\/features-bg-06x.jpg\" bg_color=\"#000000\" bg_repeat=\"no-repeat\" bg_stretch=\"true\" video_opacity=\"0.5\" min_height=\"\" js_vertical_centered=\"true\" padding_top=\"30\" padding_bottom=\"30\" sidebar=\"sidebar-1\"][vc_column width=\"1\/3\"][mk_padding_divider size=\"20\" visibility=\"hidden-tl\"][mk_padding_divider size=\"30\"][mk_fancy_title tag_name=\"h4\" color=\"#ffffff\" size=\"25\" txt_transform=\"none\" margin_bottom=\"0\" font_family=\"none\" align=\"right\"]Demande de <span style=\"color: #333333;\"><strong>soumission<\/strong><\/span>...[\/mk_fancy_title][\/vc_column][vc_column width=\"1\/3\"][mk_moving_image src=\"https:\/\/www.zesteincentive.com\/wp-content\/uploads\/2018\/03\/features-icon.png\" axis=\"pulse\" align=\"center\" link=\"\/fr\/contact\/\"][\/vc_column][vc_column width=\"1\/3\"][mk_padding_divider size=\"20\" visibility=\"hidden-tl\"][mk_padding_divider size=\"30\"][mk_fancy_title tag_name=\"h4\" color=\"#ffffff\" size=\"25\" txt_transform=\"none\" margin_bottom=\"0\" font_family=\"none\"]R\u00e9ponse <span style=\"color: #333333;\"><strong>rapide!<\/strong><\/span>[\/mk_fancy_title][\/vc_column][\/mk_page_section]<\/p>\n[\/vc_column_text][\/vc_column][\/vc_row]\n","protected":false},"excerpt":{"rendered":"<p>[mk_page_section bg_image=\u00a0\u00bbhttps:\/\/www.zesteincentive.com\/wp-content\/uploads\/2018\/07\/hero-usa2.jpg\u00a0\u00bb bg_position=\u00a0\u00bbcenter bottom\u00a0\u00bb bg_stretch=\u00a0\u00bbtrue\u00a0\u00bb video_color_mask=\u00a0\u00bb#000000&Prime; video_opacity=\u00a0\u00bb0.2&Prime; min_height=\u00a0\u00bb500&Prime; padding_top=\u00a0\u00bb200&Prime; padding_bottom=\u00a0\u00bb200&Prime; sidebar=\u00a0\u00bbsidebar-1&Prime;][vc_column][mk_padding_divider][mk_padding_divider size=\u00a0\u00bb80&Prime; visibility=\u00a0\u00bbhidden-sm\u00a0\u00bb][mk_fancy_title tag_name=\u00a0\u00bbh1&Prime; color=\u00a0\u00bb#ffffff\u00a0\u00bb size=\u00a0\u00bb50&Prime; force_font_size=\u00a0\u00bbtrue\u00a0\u00bb size_phone=\u00a0\u00bb25&Prime; font_weight=\u00a0\u00bb500&Prime; txt_transform=\u00a0\u00bbuppercase\u00a0\u00bb font_family=\u00a0\u00bbnone\u00a0\u00bb align=\u00a0\u00bbcenter\u00a0\u00bb el_class=\u00a0\u00bbno-margin no-padding\u00a0\u00bb]\u00c9TATS-UNIS : NOS EXP\u00c9RIENCES PR\u00c9F\u00c9R\u00c9ES[\/mk_fancy_title][\/vc_column][\/mk_page_section][vc_row id=\u00a0\u00bbdebut\u00a0\u00bb][vc_column][mk_padding_divider size=\u00a0\u00bb75&Prime;][\/vc_column][\/vc_row][vc_row id=\u00a0\u00bbdebut\u00a0\u00bb el_class=\u00a0\u00bbdestinations-list\u00a0\u00bb][vc_column][vc_row_inner][vc_column_inner width=\u00a0\u00bb1\/3&Prime;][vc_single_image image=\u00a0\u00bb954&Prime; img_size=\u00a0\u00bb600&#215;400&Prime; alignment=\u00a0\u00bbcenter\u00a0\u00bb el_class=\u00a0\u00bbimg-hero\u00a0\u00bb css=\u00a0\u00bb.vc_custom_1531845740347{margin-bottom: 0px !important;padding-bottom: 0px !important;}\u00a0\u00bb][vc_column_text css=\u00a0\u00bb.vc_custom_1536680173060{margin-bottom: 0px !important;}\u00a0\u00bb] New-York D\u00e9gustez des vins locaux attabl\u00e9s \u00e0 un d\u00eener priv\u00e9 [&hellip;]<\/p>\n","protected":false},"author":1,"featured_media":0,"parent":0,"menu_order":-700,"comment_status":"closed","ping_status":"closed","template":"","meta":{"_monsterinsights_skip_tracking":false,"_monsterinsights_sitenote_active":false,"_monsterinsights_sitenote_note":"","_monsterinsights_sitenote_category":0,"footnotes":""},"class_list":["post-1426","page","type-page","status-publish","hentry"],"aioseo_notices":[],"_links":{"self":[{"href":"https:\/\/www.zesteincentive.com\/fr\/wp-json\/wp\/v2\/pages\/1426","targetHints":{"allow":["GET"]}}],"collection":[{"href":"https:\/\/www.zesteincentive.com\/fr\/wp-json\/wp\/v2\/pages"}],"about":[{"href":"https:\/\/www.zesteincentive.com\/fr\/wp-json\/wp\/v2\/types\/page"}],"author":[{"embeddable":true,"href":"https:\/\/www.zesteincentive.com\/fr\/wp-json\/wp\/v2\/users\/1"}],"replies":[{"embeddable":true,"href":"https:\/\/www.zesteincentive.com\/fr\/wp-json\/wp\/v2\/comments?post=1426"}],"version-history":[{"count":0,"href":"https:\/\/www.zesteincentive.com\/fr\/wp-json\/wp\/v2\/pages\/1426\/revisions"}],"wp:attachment":[{"href":"https:\/\/www.zesteincentive.com\/fr\/wp-json\/wp\/v2\/media?parent=1426"}],"curies":[{"name":"wp","href":"https:\/\/api.w.org\/{rel}","templated":true}]}}