{"id":1427,"date":"2017-06-29T15:16:37","date_gmt":"2017-06-29T20:16:37","guid":{"rendered":"https:\/\/www.zesteincentive.com\/home\/"},"modified":"2024-04-26T09:30:09","modified_gmt":"2024-04-26T14:30:09","slug":"home","status":"publish","type":"page","link":"https:\/\/www.zesteincentive.com\/fr\/","title":{"rendered":"Accueil"},"content":{"rendered":"[mk_page_section bg_image=\u00a0\u00bbhttps:\/\/www.zesteincentive.com\/wp-content\/uploads\/2024\/03\/jakob-dalbjorn-cukjre3nyyc-unsplash-1.jpg\u00a0\u00bb bg_color=\u00a0\u00bb#222222&Prime; bg_position=\u00a0\u00bbcenter center\u00a0\u00bb bg_stretch=\u00a0\u00bbtrue\u00a0\u00bb bg_video=\u00a0\u00bbyes\u00a0\u00bb mp4=\u00a0\u00bbhttps:\/\/www.zesteincentive.com\/wp-content\/uploads\/2018\/07\/garewindsor.mp4&Prime; video_color_mask=\u00a0\u00bb#464646&Prime; min_height=\u00a0\u00bb650&Prime; padding_top=\u00a0\u00bb175&Prime; padding_bottom=\u00a0\u00bb175&Prime; sidebar=\u00a0\u00bbsidebar-1&Prime;][vc_column][mk_padding_divider size=\u00a0\u00bb175&Prime; visibility=\u00a0\u00bbhidden-sm\u00a0\u00bb][mk_padding_divider size=\u00a0\u00bb75&Prime; visibility=\u00a0\u00bbvisible-sm\u00a0\u00bb][mk_fancy_title color=\u00a0\u00bb#ffffff\u00a0\u00bb size=\u00a0\u00bb40&Prime; force_font_size=\u00a0\u00bbtrue\u00a0\u00bb size_smallscreen=\u00a0\u00bb40&Prime; size_tablet=\u00a0\u00bb25&Prime; size_phone=\u00a0\u00bb25&Prime; font_weight=\u00a0\u00bbbold\u00a0\u00bb font_family=\u00a0\u00bbArial, Helvetica, sans-serif\u00a0\u00bb font_type=\u00a0\u00bbsafefont\u00a0\u00bb align=\u00a0\u00bbcenter\u00a0\u00bb]\u00ab Pour cr\u00e9er quelque chose d\u2019exceptionnel,<br \/>\nvotre esprit doit \u00eatre inexorablement<br \/>\nax\u00e9 sur le moindre d\u00e9tail.\u00bb[\/mk_fancy_title][mk_fancy_title color=\u00a0\u00bb#ffffff\u00a0\u00bb size=\u00a0\u00bb35&Prime; font_family=\u00a0\u00bbnone\u00a0\u00bb align=\u00a0\u00bbright\u00a0\u00bb]\n<p style=\"text-align: right;\"><span style=\"font-size: 18pt;\">&#8211; <em>Giorgio Armani<\/em><\/span><\/p>\n[\/mk_fancy_title][\/vc_column][\/mk_page_section][vc_row fullwidth=\u00a0\u00bbtrue\u00a0\u00bb fullwidth_content=\u00a0\u00bbfalse\u00a0\u00bb css=\u00a0\u00bb.vc_custom_1711569120875{padding-top: 100px !important;padding-bottom: 100px !important;background-color: #d3334b !important;background-position: 0 0 !important;background-repeat: repeat !important;}\u00a0\u00bb id=\u00a0\u00bbdebut\u00a0\u00bb el_class=\u00a0\u00bbcolonne3action\u00a0\u00bb][vc_column width=\u00a0\u00bb1\/3&Prime;][mk_fancy_title tag_name=\u00a0\u00bbh1&Prime; color=\u00a0\u00bb#ffffff\u00a0\u00bb size=\u00a0\u00bb30&Prime; line_height=\u00a0\u00bb175&Prime; font_weight=\u00a0\u00bb500&Prime; margin_bottom=\u00a0\u00bb100&Prime; font_family=\u00a0\u00bbnone\u00a0\u00bb align=\u00a0\u00bbcenter\u00a0\u00bb el_class=\u00a0\u00bbno-margin\u00a0\u00bb]<span style=\"font-size: 24pt;\">R\u00e9unions &amp; Voyages Incentives<\/span><\/p>\n<p>&nbsp;<\/p>\n<p>&nbsp;<\/p>\n[\/mk_fancy_title][mk_button dimension=\u00a0\u00bboutline\u00a0\u00bb corner_style=\u00a0\u00bbrounded\u00a0\u00bb size=\u00a0\u00bblarge\u00a0\u00bb url=\u00a0\u00bb\/fr\/reunions-voyages-de-recompense\/\u00a0\u00bb align=\u00a0\u00bbcenter\u00a0\u00bb margin_bottom=\u00a0\u00bb\u00a0\u00bb margin_right=\u00a0\u00bb\u00a0\u00bb outline_skin=\u00a0\u00bblight\u00a0\u00bb]En savoir plus[\/mk_button][\/vc_column][vc_column width=\u00a0\u00bb1\/3&Prime;][mk_fancy_title tag_name=\u00a0\u00bbh1&Prime; color=\u00a0\u00bb#ffffff\u00a0\u00bb size=\u00a0\u00bb30&Prime; line_height=\u00a0\u00bb175&Prime; font_weight=\u00a0\u00bb500&Prime; margin_top=\u00a0\u00bb50&Prime; margin_bottom=\u00a0\u00bb50&Prime; font_family=\u00a0\u00bbnone\u00a0\u00bb align=\u00a0\u00bbcenter\u00a0\u00bb el_class=\u00a0\u00bbno-margin\u00a0\u00bb]<span style=\"font-size: 24pt;\">R\u00e9ceptif<\/span><\/p>\n<p>&nbsp;<\/p>\n[\/mk_fancy_title][mk_button dimension=\u00a0\u00bboutline\u00a0\u00bb size=\u00a0\u00bblarge\u00a0\u00bb url=\u00a0\u00bb\/fr\/receptif\/\u00a0\u00bb align=\u00a0\u00bbcenter\u00a0\u00bb margin_bottom=\u00a0\u00bb\u00a0\u00bb margin_right=\u00a0\u00bb\u00a0\u00bb outline_skin=\u00a0\u00bblight\u00a0\u00bb]En savoir plus[\/mk_button][\/vc_column][vc_column width=\u00a0\u00bb1\/3&Prime;][mk_fancy_title tag_name=\u00a0\u00bbh1&Prime; color=\u00a0\u00bb#ffffff\u00a0\u00bb size=\u00a0\u00bb30&Prime; line_height=\u00a0\u00bb175&Prime; font_weight=\u00a0\u00bb500&Prime; margin_top=\u00a0\u00bb50&Prime; margin_bottom=\u00a0\u00bb50&Prime; font_family=\u00a0\u00bbnone\u00a0\u00bb align=\u00a0\u00bbcenter\u00a0\u00bb el_class=\u00a0\u00bbno-margin\u00a0\u00bb]<span style=\"font-size: 24pt;\">\u00c9v\u00e9nements sp\u00e9ciaux<\/span><\/p>\n<p>&nbsp;<\/p>\n[\/mk_fancy_title][mk_button dimension=\u00a0\u00bboutline\u00a0\u00bb size=\u00a0\u00bblarge\u00a0\u00bb url=\u00a0\u00bb\/fr\/evenements-speciaux\/\u00a0\u00bb align=\u00a0\u00bbcenter\u00a0\u00bb margin_bottom=\u00a0\u00bb\u00a0\u00bb margin_right=\u00a0\u00bb\u00a0\u00bb outline_skin=\u00a0\u00bblight\u00a0\u00bb]En savoir plus[\/mk_button][\/vc_column][\/vc_row][mk_page_section bg_image=\u00a0\u00bbhttps:\/\/www.zesteincentive.com\/wp-content\/uploads\/2024\/03\/01-pattern-02-couleur_plan-de-travail-1.png\u00a0\u00bb bg_position=\u00a0\u00bbcenter top\u00a0\u00bb bg_repeat=\u00a0\u00bbrepeat-x\u00a0\u00bb bg_stretch=\u00a0\u00bbtrue\u00a0\u00bb enable_3d=\u00a0\u00bbtrue\u00a0\u00bb min_height=\u00a0\u00bb\u00a0\u00bb full_width=\u00a0\u00bbtrue\u00a0\u00bb js_vertical_centered=\u00a0\u00bbtrue\u00a0\u00bb padding_top=\u00a0\u00bb200&Prime; padding_bottom=\u00a0\u00bb200&Prime; sidebar=\u00a0\u00bbsidebar-1&Prime;][vc_column][vc_row_inner attached=\u00a0\u00bbtrue\u00a0\u00bb el_class=\u00a0\u00bbcall2action\u00a0\u00bb][vc_column_inner width=\u00a0\u00bb1\/3&Prime; css=\u00a0\u00bb.vc_custom_1711648025883{background-image: url(https:\/\/www.zesteincentive.com\/wp-content\/uploads\/2024\/03\/trave.jpg?id=23540) !important;}\u00a0\u00bb][\/vc_column_inner][vc_column_inner width=\u00a0\u00bb1\/3&Prime;][mk_custom_box padding_vertical=\u00a0\u00bb0&Prime; padding_horizental=\u00a0\u00bb0&Prime; margin_bottom=\u00a0\u00bb0&Prime; min_height=\u00a0\u00bb400&Prime; bg_color=\u00a0\u00bb#d3334b\u00a0\u00bb][mk_fancy_title color=\u00a0\u00bb#ffffff\u00a0\u00bb size=\u00a0\u00bb35&Prime; font_family=\u00a0\u00bbnone\u00a0\u00bb align=\u00a0\u00bbcenter\u00a0\u00bb]<a href=\"\/fr\/a-propos\/\">QUI SOMMES-NOUS?<\/a>[\/mk_fancy_title][\/mk_custom_box][\/vc_column_inner][vc_column_inner width=\u00a0\u00bb1\/3&Prime; css=\u00a0\u00bb.vc_custom_1711674532572{background-image: url(https:\/\/www.zesteincentive.com\/wp-content\/uploads\/2024\/03\/20190625_0021_bankers-fidelity_voqin_rxf2019.jpg?id=23550) !important;}\u00a0\u00bb][\/vc_column_inner][\/vc_row_inner][\/vc_column][\/mk_page_section][vc_row css=\u00a0\u00bb.vc_custom_1709924086449{padding-top: 4% !important;}\u00a0\u00bb][vc_column width=\u00a0\u00bb1\/3&Prime;][vc_icon icon_fontawesome=\u00a0\u00bbfa fa-instagram\u00a0\u00bb color=\u00a0\u00bbcustom\u00a0\u00bb background_style=\u00a0\u00bbrounded\u00a0\u00bb background_color=\u00a0\u00bbwhite\u00a0\u00bb align=\u00a0\u00bbcenter\u00a0\u00bb custom_color=\u00a0\u00bb#d3334b\u00a0\u00bb link=\u00a0\u00bburl:https%3A%2F%2Fwww.instagram.com%2Fzesteincentive%2F||target:%20_blank|\u00a0\u00bb][\/vc_column][vc_column width=\u00a0\u00bb1\/3&Prime;][vc_icon icon_fontawesome=\u00a0\u00bbfa fa-facebook\u00a0\u00bb color=\u00a0\u00bbcustom\u00a0\u00bb background_style=\u00a0\u00bbrounded\u00a0\u00bb background_color=\u00a0\u00bbwhite\u00a0\u00bb align=\u00a0\u00bbcenter\u00a0\u00bb custom_color=\u00a0\u00bb#d3334b\u00a0\u00bb link=\u00a0\u00bburl:https%3A%2F%2Fwww.facebook.com%2Fzesteincentive%2F||target:%20_blank|\u00a0\u00bb][\/vc_column][vc_column width=\u00a0\u00bb1\/3&Prime;][vc_icon icon_fontawesome=\u00a0\u00bbfa fa-linkedin-square\u00a0\u00bb color=\u00a0\u00bbcustom\u00a0\u00bb background_style=\u00a0\u00bbrounded\u00a0\u00bb background_color=\u00a0\u00bbwhite\u00a0\u00bb align=\u00a0\u00bbcenter\u00a0\u00bb custom_color=\u00a0\u00bb#d3334b\u00a0\u00bb link=\u00a0\u00bburl:https%3A%2F%2Ffr.linkedin.com%2Fcompany%2Fzeste-meetings-%26-incentives||target:%20_blank|\u00a0\u00bb][\/vc_column][\/vc_row][vc_row][vc_column][\/vc_column][\/vc_row]\n","protected":false},"excerpt":{"rendered":"<p>[mk_page_section bg_image=\u00a0\u00bbhttps:\/\/www.zesteincentive.com\/wp-content\/uploads\/2024\/03\/jakob-dalbjorn-cukjre3nyyc-unsplash-1.jpg\u00a0\u00bb bg_color=\u00a0\u00bb#222222&Prime; bg_position=\u00a0\u00bbcenter center\u00a0\u00bb bg_stretch=\u00a0\u00bbtrue\u00a0\u00bb bg_video=\u00a0\u00bbyes\u00a0\u00bb mp4=\u00a0\u00bbhttps:\/\/www.zesteincentive.com\/wp-content\/uploads\/2018\/07\/garewindsor.mp4&Prime; video_color_mask=\u00a0\u00bb#464646&Prime; min_height=\u00a0\u00bb650&Prime; padding_top=\u00a0\u00bb175&Prime; padding_bottom=\u00a0\u00bb175&Prime; sidebar=\u00a0\u00bbsidebar-1&Prime;][vc_column][mk_padding_divider size=\u00a0\u00bb175&Prime; visibility=\u00a0\u00bbhidden-sm\u00a0\u00bb][mk_padding_divider size=\u00a0\u00bb75&Prime; visibility=\u00a0\u00bbvisible-sm\u00a0\u00bb][mk_fancy_title color=\u00a0\u00bb#ffffff\u00a0\u00bb size=\u00a0\u00bb40&Prime; force_font_size=\u00a0\u00bbtrue\u00a0\u00bb size_smallscreen=\u00a0\u00bb40&Prime; size_tablet=\u00a0\u00bb25&Prime; size_phone=\u00a0\u00bb25&Prime; font_weight=\u00a0\u00bbbold\u00a0\u00bb font_family=\u00a0\u00bbArial, Helvetica, sans-serif\u00a0\u00bb font_type=\u00a0\u00bbsafefont\u00a0\u00bb align=\u00a0\u00bbcenter\u00a0\u00bb]\u00ab Pour cr\u00e9er quelque chose d\u2019exceptionnel, votre esprit doit \u00eatre inexorablement ax\u00e9 sur le moindre d\u00e9tail.\u00bb[\/mk_fancy_title][mk_fancy_title color=\u00a0\u00bb#ffffff\u00a0\u00bb size=\u00a0\u00bb35&Prime; font_family=\u00a0\u00bbnone\u00a0\u00bb align=\u00a0\u00bbright\u00a0\u00bb] &#8211; Giorgio Armani [\/mk_fancy_title][\/vc_column][\/mk_page_section][vc_row fullwidth=\u00a0\u00bbtrue\u00a0\u00bb fullwidth_content=\u00a0\u00bbfalse\u00a0\u00bb css=\u00a0\u00bb.vc_custom_1711569120875{padding-top: [&hellip;]<\/p>\n","protected":false},"author":1,"featured_media":0,"parent":0,"menu_order":-9999,"comment_status":"closed","ping_status":"closed","template":"","meta":{"_monsterinsights_skip_tracking":false,"_monsterinsights_sitenote_active":false,"_monsterinsights_sitenote_note":"","_monsterinsights_sitenote_category":0,"footnotes":""},"class_list":["post-1427","page","type-page","status-publish","hentry"],"aioseo_notices":[],"_links":{"self":[{"href":"https:\/\/www.zesteincentive.com\/fr\/wp-json\/wp\/v2\/pages\/1427","targetHints":{"allow":["GET"]}}],"collection":[{"href":"https:\/\/www.zesteincentive.com\/fr\/wp-json\/wp\/v2\/pages"}],"about":[{"href":"https:\/\/www.zesteincentive.com\/fr\/wp-json\/wp\/v2\/types\/page"}],"author":[{"embeddable":true,"href":"https:\/\/www.zesteincentive.com\/fr\/wp-json\/wp\/v2\/users\/1"}],"replies":[{"embeddable":true,"href":"https:\/\/www.zesteincentive.com\/fr\/wp-json\/wp\/v2\/comments?post=1427"}],"version-history":[{"count":0,"href":"https:\/\/www.zesteincentive.com\/fr\/wp-json\/wp\/v2\/pages\/1427\/revisions"}],"wp:attachment":[{"href":"https:\/\/www.zesteincentive.com\/fr\/wp-json\/wp\/v2\/media?parent=1427"}],"curies":[{"name":"wp","href":"https:\/\/api.w.org\/{rel}","templated":true}]}}